{"id":514,"date":"2025-06-18T13:40:55","date_gmt":"2025-06-18T13:40:55","guid":{"rendered":"https:\/\/familiasmadridnorte.es\/?page_id=514"},"modified":"2025-06-18T13:42:28","modified_gmt":"2025-06-18T13:42:28","slug":"politica-de-cookies","status":"publish","type":"page","link":"https:\/\/familiasmadridnorte.es\/en\/politica-de-cookies\/","title":{"rendered":"Pol\u00edtica de Cookies"},"content":{"rendered":"<div data-elementor-type=\"wp-page\" data-elementor-id=\"514\" class=\"elementor elementor-514\" data-elementor-post-type=\"page\">\n\t\t\t\t\t\t<section class=\"elementor-section elementor-top-section elementor-element elementor-element-81f18ba elementor-section-height-min-height elementor-section-boxed elementor-section-height-default elementor-section-items-middle\" data-id=\"81f18ba\" data-element_type=\"section\" data-settings=\"{&quot;background_background&quot;:&quot;classic&quot;}\">\n\t\t\t\t\t\t\t<div class=\"elementor-background-overlay\"><\/div>\n\t\t\t\t\t\t\t<div class=\"elementor-container elementor-column-gap-no\">\n\t\t\t\t\t<div class=\"elementor-column elementor-col-100 elementor-top-column elementor-element elementor-element-9593078 animated-slow elementor-invisible\" data-id=\"9593078\" data-element_type=\"column\" data-settings=\"{&quot;background_background&quot;:&quot;classic&quot;,&quot;animation&quot;:&quot;fadeInUp&quot;}\">\n\t\t\t<div class=\"elementor-widget-wrap elementor-element-populated\">\n\t\t\t\t\t\t<div class=\"elementor-element elementor-element-fdb2e3d elementor-widget elementor-widget-heading\" data-id=\"fdb2e3d\" data-element_type=\"widget\" data-widget_type=\"heading.default\">\n\t\t\t\t<div class=\"elementor-widget-container\">\n\t\t\t\t\t<h1 class=\"elementor-heading-title elementor-size-default\">Pol\u00edtica de Cookies<\/h1>\t\t\t\t<\/div>\n\t\t\t\t<\/div>\n\t\t\t\t\t<\/div>\n\t\t<\/div>\n\t\t\t\t\t<\/div>\n\t\t<\/section>\n\t\t<div class=\"elementor-element elementor-element-0f26c46 e-flex e-con-boxed e-con e-parent\" data-id=\"0f26c46\" data-element_type=\"container\">\n\t\t\t\t\t<div class=\"e-con-inner\">\n\t\t\t\t<div class=\"elementor-element elementor-element-4b4403f elementor-widget elementor-widget-text-editor\" data-id=\"4b4403f\" data-element_type=\"widget\" data-widget_type=\"text-editor.default\">\n\t\t\t\t<div class=\"elementor-widget-container\">\n\t\t\t\t\t\t\t\t\t<p><strong>LEY DE COOKIES<\/strong><\/p><p>Este sitio web solo emplea\u00a0<em>cookies\u00a0<\/em>necesarias para el correcto funcionamiento del sitio. En cualquier caso, le informamos sobre las distintas clases de\u00a0<em>cookies<\/em>\u00a0que existen, entre otras:<\/p><table width=\"104%\"><tbody><tr><td colspan=\"2\" width=\"26%\"><p><strong>Tipo de cookie<\/strong><\/p><\/td><td width=\"20%\"><p><strong>Nombre de la cookie<\/strong><\/p><\/td><td width=\"20%\"><p><strong>Descripci\u00f3n<\/strong><\/p><\/td><td width=\"31%\"><p><strong>Uso<\/strong><\/p><\/td><\/tr><tr><td width=\"2%\"><p>\u00a0<\/p><\/td><td width=\"23%\"><p><strong>DE RENDIMIENTO<\/strong><\/p><\/td><td width=\"20%\"><p><strong>AMCVS_<\/strong><\/p><p><strong>AMCV_<\/strong><\/p><p><strong>_gat<\/strong><\/p><p><strong>_ga<\/strong><\/p><p><strong>s_cc<\/strong><\/p><p><strong>mbox<\/strong><\/p><p><strong>_gid<\/strong><\/p><p><strong>s_fid<\/strong><\/p><p><strong>s_ppvl<\/strong><\/p><p><strong>s_ppv<\/strong><\/p><p><strong>s_sq<\/strong><\/p><p><strong>s_nr<\/strong><\/p><p><strong>gpv<\/strong><\/p><p><strong>\u00a0\u00a0\u00a0\u00a0\u00a0\u00a0\u00a0<\/strong><strong>lbcs<\/strong><\/p><\/td><td width=\"20%\"><p>Estas Cookies se utilizan para mejorar tu experiencia de navegaci\u00f3n y optimizar el funcionamiento de nuestros sitios web. Almacenan configuraciones de servicios para que no tengas que reconfigurarlos cada vez que nos visitas.<\/p><\/td><td width=\"31%\"><ul><li>Velocidades de transmisi\u00f3n de v\u00eddeo \u00f3ptimas.<\/li><li>Contenidos adaptados a tu navegaci\u00f3n.<\/li><li>Facilidad de viralizar el contenido de tu preferencia.<\/li><li>Almacena la compra realizada en un \u201ccarrito de la compra\u201d en los Servicios de E-commerce.<\/li><\/ul><\/td><\/tr><tr><td width=\"2%\"><p>\u00a0<\/p><\/td><td width=\"23%\"><p><strong>DE GEOLOCALIZACI\u00d3N<\/strong><\/p><\/td><td width=\"20%\"><p>\u00a0<\/p><\/td><td width=\"20%\"><p>Estas Cookies se utilizan para almacenar datos de geolocalizaci\u00f3n del ordenador o dispositivo para ofrecerte contenidos y servicios m\u00e1s adecuados.<\/p><\/td><td width=\"31%\"><ul><li>Contenidos ajustados al pa\u00eds, ciudad, idioma, etc.<\/li><\/ul><\/td><\/tr><tr><td width=\"2%\"><p>\u00a0<\/p><\/td><td rowspan=\"2\" width=\"23%\"><p><strong>\u00a0<\/strong><\/p><p><strong>\u00a0<\/strong><\/p><p><strong>\u00a0<\/strong><\/p><p><strong>\u00a0<\/strong><\/p><p><strong>\u00a0<\/strong><\/p><p><strong>\u00a0<\/strong><\/p><p><strong>\u00a0<\/strong><\/p><p><strong>\u00a0<\/strong><\/p><p><strong>\u00a0<\/strong><\/p><p><strong>\u00a0<\/strong><\/p><p><strong>\u00a0<\/strong><\/p><p><strong>DE REGISTRO<\/strong><\/p><p><strong>\u00a0<\/strong><\/p><p><strong>\u00a0<\/strong><\/p><p><strong>\u00a0<\/strong><\/p><p><strong>\u00a0<\/strong><\/p><p><strong>\u00a0<\/strong><\/p><p><strong>\u00a0<\/strong><\/p><p><strong>\u00a0<\/strong><\/p><p><strong>\u00a0<\/strong><\/p><p><strong>\u00a0<\/strong><\/p><p><strong>\u00a0<\/strong><\/p><p><strong>\u00a0<\/strong><\/p><p><strong>\u00a0<\/strong><\/p><p><strong>\u00a0<\/strong><\/p><p><strong>\u00a0<\/strong><\/p><p><strong>\u00a0<\/strong><\/p><p><strong>\u00a0<\/strong><\/p><p><strong>\u00a0<\/strong><\/p><p><strong>\u00a0<\/strong><\/p><p><strong>\u00a0<\/strong><\/p><p><strong>\u00a0<\/strong><\/p><p><strong>\u00a0<\/strong><\/p><p><strong>\u00a0<\/strong><\/p><p><strong>\u00a0<\/strong><\/p><p><strong>\u00a0<\/strong><\/p><p><strong>\u00a0<\/strong><\/p><p><strong>ANAL\u00cdTICAS<\/strong><\/p><\/td><td rowspan=\"2\" width=\"20%\"><p><strong>PHPSESSID<\/strong><\/p><p>\u00a0<\/p><p>\u00a0<\/p><p>\u00a0<\/p><p>\u00a0<\/p><p>\u00a0<\/p><p>\u00a0<\/p><p>\u00a0<\/p><p>\u00a0<\/p><p>\u00a0<\/p><p>\u00a0<\/p><p>\u00a0<\/p><p>\u00a0<\/p><p>\u00a0<\/p><p>\u00a0<\/p><p>\u00a0<\/p><p>\u00a0<\/p><p>\u00a0<\/p><p>\u00a0<\/p><p>\u00a0<\/p><p>\u00a0<\/p><p>\u00a0<\/p><p>\u00a0<\/p><p>\u00a0<\/p><p>\u00a0<\/p><p>\u00a0<\/p><p>\u00a0<\/p><p>\u00a0<\/p><p>\u00a0<\/p><p>\u00a0<\/p><p>\u00a0<\/p><p>\u00a0<\/p><p><strong>_ga<\/strong><\/p><p><strong>_gid<\/strong><\/p><p><strong>_gat<\/strong><\/p><p><strong>collect<\/strong><\/p><p><strong>gwcc<\/strong><\/p><p>\u00a0<\/p><\/td><td rowspan=\"2\" width=\"20%\"><p>Las Cookies de registro se crean al registrarte o cuando inicias sesi\u00f3n en uno de nuestros portales web.<\/p><p>\u00a0<\/p><p>\u00a0<\/p><p>\u00a0<\/p><p>\u00a0<\/p><p>\u00a0<\/p><p>\u00a0<\/p><p>\u00a0<\/p><p>\u00a0<\/p><p>\u00a0<\/p><p>\u00a0<\/p><p>\u00a0<\/p><p>\u00a0<\/p><p>\u00a0<\/p><p>\u00a0<\/p><p>\u00a0<\/p><p>\u00a0<\/p><p>\u00a0<\/p><p>\u00a0<\/p><p>\u00a0<\/p><p>\u00a0<\/p><p>\u00a0<\/p><p>\u00a0<\/p><p>\u00a0<\/p><p>\u00a0<\/p><p>\u00a0<\/p><p>Estas Cookies recopilan informaci\u00f3n de tu experiencia de navegaci\u00f3n en nuestros portales web de forma totalmente an\u00f3nima. \u2013 Podemos contabilizar el n\u00famero de visitantes de la p\u00e1gina o los contenidos m\u00e1s vistos.<\/p><\/td><td width=\"31%\"><p>\u00a0<\/p><ul><li>Puedes mantenerte autenticado aunque cierres el navegador, as\u00ed cuando vuelvas seguir\u00e1s identificado a menos que te desconectes o cierres la sesi\u00f3n.<\/li><li>Para acceder a ciertas zonas de nuestros portales web, por ejemplo para participar en un concurso.<\/li><\/ul><p>\u00a0<\/p><p>\u00a0<\/p><p>\u00a0<\/p><p>\u00a0<\/p><p>\u00a0<\/p><p>\u00a0<\/p><p>\u00a0<\/p><p>\u00a0<\/p><\/td><\/tr><tr><td width=\"2%\"><p>\u00a0<\/p><\/td><td width=\"31%\"><ul><li>Podemos saber si el usuario que est\u00e1 accediendo es nuevo o repite visita.<\/li><li>Esa informaci\u00f3n puede ayudarnos a mejorar la navegaci\u00f3n y darte un mejor servicio.<\/li><\/ul><\/td><\/tr><tr><td width=\"2%\"><p>\u00a0<\/p><\/td><td width=\"23%\"><p><strong>DE PUBLICIDAD<\/strong><\/p><\/td><td width=\"20%\"><p><strong>JSESSIONID<\/strong><\/p><p><strong>NID<\/strong><\/p><p><strong>SID<\/strong><\/p><p><strong>HSID<\/strong><\/p><p><strong>IDE<\/strong><\/p><p><strong>_gads<\/strong><\/p><p><strong>_gac<\/strong><\/p><p><strong>_gcl<\/strong><\/p><p><strong>AID<\/strong><\/p><p><strong>DSID<\/strong><\/p><p><strong>TAID<\/strong><\/p><\/td><td width=\"20%\"><p>Estas Cookies recogen informaci\u00f3n sobre los anuncios mostrados a cada usuario an\u00f3nimo en los portales web. \u2013 Adaptar la publicidad al tipo de dispositivo desde el que el usuario se est\u00e1 conectando.<\/p><\/td><td width=\"31%\"><ul><li>Proporcionar anuncios gestionados a trav\u00e9s de terceros (\u201cAd-servers\u201d) que son mostrados en la p\u00e1gina en tiempo real.<\/li><\/ul><ul><li>Conocer informaci\u00f3n sobre el resultado de las campa\u00f1as como el n\u00famero de clicks, duraci\u00f3n, frecuencia de visualizaci\u00f3n, etc.<\/li><li>Ofrecerte publicidad de inter\u00e9s con base en tus h\u00e1bitos de navegaci\u00f3n.<\/li><\/ul><\/td><\/tr><tr><td width=\"21\">\u00a0<\/td><td width=\"179\">\u00a0<\/td><td width=\"149\">\u00a0<\/td><td width=\"149\">\u00a0<\/td><td width=\"237\">\u00a0<\/td><\/tr><\/tbody><\/table><ol><li><strong>Desactivaci\u00f3n de cookies<\/strong><\/li><\/ol><p>El usuario podr\u00e1 -en cualquier momento- elegir qu\u00e9 cookies quiere que funcionen en este sitio web mediante la configuraci\u00f3n del\u00a0navegador; por ejemplo:<\/p><ul><li><strong>Safari:\u00a0<\/strong><a href=\"https:\/\/support.apple.com\/es-es\/guide\/safari\/sfri11471\/mac\">Gestionar cookies y datos de sitios web en Safari en el Mac \u2013 Soporte t\u00e9cnico de Apple (ES)<\/a><\/li><li><strong>Chrome:\u00a0<\/strong><a href=\"https:\/\/support.google.com\/accounts\/answer\/61416?hl=es\">Activar o desactivar las cookies \u2013 Ordenador \u2013 Ayuda de Cuenta de Google<\/a><\/li><li><strong>Firefox:\u00a0<\/strong><a href=\"https:\/\/support.mozilla.org\/es\/kb\/proteccion-antirrastreo-mejorada-en-firefox-para-e\">Protecci\u00f3n Antirrastreo Mejorada en Firefox para Escritorio | Ayuda de Firefox (mozilla.org)<\/a><\/li><li><strong>Edge:\u00a0<\/strong><a href=\"https:\/\/support.microsoft.com\/es-es\/windows\/microsoft-edge-datos-de-exploraci%C3%B3n-y-privacidad-bb8174ba-9d73-dcf2-9b4a-c582b4e640dd\">Microsoft Edge, datos de exploraci\u00f3n y privacidad<\/a><\/li><\/ul><ol start=\"2\"><li><strong>Actualizaci\u00f3n de la pol\u00edtica de cookies<\/strong><\/li><\/ol><p>Es posible que actualicemos la Pol\u00edtica de Cookies de nuestro Sitio Web, por ello le recomendamos revisar esta pol\u00edtica cada vez que acceda a nuestro Sitio Web con el objetivo de estar adecuadamente informado sobre c\u00f3mo y para qu\u00e9 usamos las cookies.<\/p>\t\t\t\t\t\t\t\t<\/div>\n\t\t\t\t<\/div>\n\t\t\t\t\t<\/div>\n\t\t\t\t<\/div>\n\t\t\t\t<\/div>","protected":false},"excerpt":{"rendered":"<p>Pol\u00edtica de Cookies LEY DE COOKIES Este sitio web solo emplea\u00a0cookies\u00a0necesarias para el correcto funcionamiento del sitio. En cualquier caso, le informamos sobre las distintas clases de\u00a0cookies\u00a0que existen, entre otras: Tipo de cookie Nombre de la cookie Descripci\u00f3n Uso \u00a0 DE RENDIMIENTO AMCVS_ AMCV_ _gat _ga s_cc mbox _gid s_fid s_ppvl s_ppv s_sq s_nr gpv [&hellip;]<\/p>","protected":false},"author":1,"featured_media":0,"parent":0,"menu_order":0,"comment_status":"closed","ping_status":"closed","template":"elementor_header_footer","meta":{"footnotes":""},"class_list":["post-514","page","type-page","status-publish","hentry"],"yoast_head":"<!-- This site is optimized with the Yoast SEO plugin v26.7 - https:\/\/yoast.com\/wordpress\/plugins\/seo\/ -->\n<title>Pol\u00edtica de Cookies - Familias Numerosas<\/title>\n<meta name=\"robots\" content=\"index, follow, max-snippet:-1, max-image-preview:large, max-video-preview:-1\" \/>\n<link rel=\"canonical\" href=\"https:\/\/familiasmadridnorte.es\/en\/politica-de-cookies\/\" \/>\n<meta property=\"og:locale\" content=\"en_GB\" \/>\n<meta property=\"og:type\" content=\"article\" \/>\n<meta property=\"og:title\" content=\"Pol\u00edtica de Cookies - Familias Numerosas\" \/>\n<meta property=\"og:description\" content=\"Pol\u00edtica de Cookies LEY DE COOKIES Este sitio web solo emplea\u00a0cookies\u00a0necesarias para el correcto funcionamiento del sitio. En cualquier caso, le informamos sobre las distintas clases de\u00a0cookies\u00a0que existen, entre otras: Tipo de cookie Nombre de la cookie Descripci\u00f3n Uso \u00a0 DE RENDIMIENTO AMCVS_ AMCV_ _gat _ga s_cc mbox _gid s_fid s_ppvl s_ppv s_sq s_nr gpv [&hellip;]\" \/>\n<meta property=\"og:url\" content=\"https:\/\/familiasmadridnorte.es\/en\/politica-de-cookies\/\" \/>\n<meta property=\"og:site_name\" content=\"Familias Numerosas\" \/>\n<meta property=\"article:modified_time\" content=\"2025-06-18T13:42:28+00:00\" \/>\n<meta property=\"og:image\" content=\"https:\/\/familiasmadridnorte.es\/wp-content\/uploads\/2025\/11\/Logo_AFAN-enlace.jpg\" \/>\n\t<meta property=\"og:image:width\" content=\"1200\" \/>\n\t<meta property=\"og:image:height\" content=\"675\" \/>\n\t<meta property=\"og:image:type\" content=\"image\/jpeg\" \/>\n<meta name=\"twitter:card\" content=\"summary_large_image\" \/>\n<meta name=\"twitter:label1\" content=\"Estimated reading time\" \/>\n\t<meta name=\"twitter:data1\" content=\"3 minutes\" \/>\n<script type=\"application\/ld+json\" class=\"yoast-schema-graph\">{\"@context\":\"https:\/\/schema.org\",\"@graph\":[{\"@type\":\"WebPage\",\"@id\":\"https:\/\/familiasmadridnorte.es\/politica-de-cookies\/\",\"url\":\"https:\/\/familiasmadridnorte.es\/politica-de-cookies\/\",\"name\":\"Pol\u00edtica de Cookies - Familias Numerosas\",\"isPartOf\":{\"@id\":\"https:\/\/familiasmadridnorte.es\/#website\"},\"datePublished\":\"2025-06-18T13:40:55+00:00\",\"dateModified\":\"2025-06-18T13:42:28+00:00\",\"breadcrumb\":{\"@id\":\"https:\/\/familiasmadridnorte.es\/politica-de-cookies\/#breadcrumb\"},\"inLanguage\":\"en-GB\",\"potentialAction\":[{\"@type\":\"ReadAction\",\"target\":[\"https:\/\/familiasmadridnorte.es\/politica-de-cookies\/\"]}]},{\"@type\":\"BreadcrumbList\",\"@id\":\"https:\/\/familiasmadridnorte.es\/politica-de-cookies\/#breadcrumb\",\"itemListElement\":[{\"@type\":\"ListItem\",\"position\":1,\"name\":\"Portada\",\"item\":\"https:\/\/familiasmadridnorte.es\/\"},{\"@type\":\"ListItem\",\"position\":2,\"name\":\"Pol\u00edtica de Cookies\"}]},{\"@type\":\"WebSite\",\"@id\":\"https:\/\/familiasmadridnorte.es\/#website\",\"url\":\"https:\/\/familiasmadridnorte.es\/\",\"name\":\"Familias Numerosas\",\"description\":\"La Asociaci\u00f3n de Familias Numerosas Zona Norte de Madrid (AFAN Zona Norte Madrid) lleva 20 a\u00f1os apoyando y representando a las familias numerosas, defendiendo sus derechos y destacando su valiosa aportaci\u00f3n a la sociedad.\",\"publisher\":{\"@id\":\"https:\/\/familiasmadridnorte.es\/#organization\"},\"potentialAction\":[{\"@type\":\"SearchAction\",\"target\":{\"@type\":\"EntryPoint\",\"urlTemplate\":\"https:\/\/familiasmadridnorte.es\/?s={search_term_string}\"},\"query-input\":{\"@type\":\"PropertyValueSpecification\",\"valueRequired\":true,\"valueName\":\"search_term_string\"}}],\"inLanguage\":\"en-GB\"},{\"@type\":\"Organization\",\"@id\":\"https:\/\/familiasmadridnorte.es\/#organization\",\"name\":\"Familias Numerosas\",\"url\":\"https:\/\/familiasmadridnorte.es\/\",\"logo\":{\"@type\":\"ImageObject\",\"inLanguage\":\"en-GB\",\"@id\":\"https:\/\/familiasmadridnorte.es\/#\/schema\/logo\/image\/\",\"url\":\"https:\/\/familiasmadridnorte.es\/wp-content\/uploads\/2025\/06\/Logo_AFAN-1024x724-1.png\",\"contentUrl\":\"https:\/\/familiasmadridnorte.es\/wp-content\/uploads\/2025\/06\/Logo_AFAN-1024x724-1.png\",\"width\":1024,\"height\":724,\"caption\":\"Familias Numerosas\"},\"image\":{\"@id\":\"https:\/\/familiasmadridnorte.es\/#\/schema\/logo\/image\/\"}}]}<\/script>\n<!-- \/ Yoast SEO plugin. -->","yoast_head_json":{"title":"Pol\u00edtica de Cookies - Familias Numerosas","robots":{"index":"index","follow":"follow","max-snippet":"max-snippet:-1","max-image-preview":"max-image-preview:large","max-video-preview":"max-video-preview:-1"},"canonical":"https:\/\/familiasmadridnorte.es\/en\/politica-de-cookies\/","og_locale":"en_GB","og_type":"article","og_title":"Pol\u00edtica de Cookies - Familias Numerosas","og_description":"Pol\u00edtica de Cookies LEY DE COOKIES Este sitio web solo emplea\u00a0cookies\u00a0necesarias para el correcto funcionamiento del sitio. En cualquier caso, le informamos sobre las distintas clases de\u00a0cookies\u00a0que existen, entre otras: Tipo de cookie Nombre de la cookie Descripci\u00f3n Uso \u00a0 DE RENDIMIENTO AMCVS_ AMCV_ _gat _ga s_cc mbox _gid s_fid s_ppvl s_ppv s_sq s_nr gpv [&hellip;]","og_url":"https:\/\/familiasmadridnorte.es\/en\/politica-de-cookies\/","og_site_name":"Familias Numerosas","article_modified_time":"2025-06-18T13:42:28+00:00","og_image":[{"width":1200,"height":675,"url":"https:\/\/familiasmadridnorte.es\/wp-content\/uploads\/2025\/11\/Logo_AFAN-enlace.jpg","type":"image\/jpeg"}],"twitter_card":"summary_large_image","twitter_misc":{"Estimated reading time":"3 minutes"},"schema":{"@context":"https:\/\/schema.org","@graph":[{"@type":"WebPage","@id":"https:\/\/familiasmadridnorte.es\/politica-de-cookies\/","url":"https:\/\/familiasmadridnorte.es\/politica-de-cookies\/","name":"Pol\u00edtica de Cookies - Familias Numerosas","isPartOf":{"@id":"https:\/\/familiasmadridnorte.es\/#website"},"datePublished":"2025-06-18T13:40:55+00:00","dateModified":"2025-06-18T13:42:28+00:00","breadcrumb":{"@id":"https:\/\/familiasmadridnorte.es\/politica-de-cookies\/#breadcrumb"},"inLanguage":"en-GB","potentialAction":[{"@type":"ReadAction","target":["https:\/\/familiasmadridnorte.es\/politica-de-cookies\/"]}]},{"@type":"BreadcrumbList","@id":"https:\/\/familiasmadridnorte.es\/politica-de-cookies\/#breadcrumb","itemListElement":[{"@type":"ListItem","position":1,"name":"Portada","item":"https:\/\/familiasmadridnorte.es\/"},{"@type":"ListItem","position":2,"name":"Pol\u00edtica de Cookies"}]},{"@type":"WebSite","@id":"https:\/\/familiasmadridnorte.es\/#website","url":"https:\/\/familiasmadridnorte.es\/","name":"Large Families","description":"La Asociaci\u00f3n de Familias Numerosas Zona Norte de Madrid (AFAN Zona Norte Madrid) lleva 20 a\u00f1os apoyando y representando a las familias numerosas, defendiendo sus derechos y destacando su valiosa aportaci\u00f3n a la sociedad.","publisher":{"@id":"https:\/\/familiasmadridnorte.es\/#organization"},"potentialAction":[{"@type":"SearchAction","target":{"@type":"EntryPoint","urlTemplate":"https:\/\/familiasmadridnorte.es\/?s={search_term_string}"},"query-input":{"@type":"PropertyValueSpecification","valueRequired":true,"valueName":"search_term_string"}}],"inLanguage":"en-GB"},{"@type":"Organization","@id":"https:\/\/familiasmadridnorte.es\/#organization","name":"Large Families","url":"https:\/\/familiasmadridnorte.es\/","logo":{"@type":"ImageObject","inLanguage":"en-GB","@id":"https:\/\/familiasmadridnorte.es\/#\/schema\/logo\/image\/","url":"https:\/\/familiasmadridnorte.es\/wp-content\/uploads\/2025\/06\/Logo_AFAN-1024x724-1.png","contentUrl":"https:\/\/familiasmadridnorte.es\/wp-content\/uploads\/2025\/06\/Logo_AFAN-1024x724-1.png","width":1024,"height":724,"caption":"Familias Numerosas"},"image":{"@id":"https:\/\/familiasmadridnorte.es\/#\/schema\/logo\/image\/"}}]}},"_links":{"self":[{"href":"https:\/\/familiasmadridnorte.es\/en\/wp-json\/wp\/v2\/pages\/514","targetHints":{"allow":["GET"]}}],"collection":[{"href":"https:\/\/familiasmadridnorte.es\/en\/wp-json\/wp\/v2\/pages"}],"about":[{"href":"https:\/\/familiasmadridnorte.es\/en\/wp-json\/wp\/v2\/types\/page"}],"author":[{"embeddable":true,"href":"https:\/\/familiasmadridnorte.es\/en\/wp-json\/wp\/v2\/users\/1"}],"replies":[{"embeddable":true,"href":"https:\/\/familiasmadridnorte.es\/en\/wp-json\/wp\/v2\/comments?post=514"}],"version-history":[{"count":4,"href":"https:\/\/familiasmadridnorte.es\/en\/wp-json\/wp\/v2\/pages\/514\/revisions"}],"predecessor-version":[{"id":520,"href":"https:\/\/familiasmadridnorte.es\/en\/wp-json\/wp\/v2\/pages\/514\/revisions\/520"}],"wp:attachment":[{"href":"https:\/\/familiasmadridnorte.es\/en\/wp-json\/wp\/v2\/media?parent=514"}],"curies":[{"name":"wp","href":"https:\/\/api.w.org\/{rel}","templated":true}]}}