{"id":508,"date":"2025-06-18T13:38:58","date_gmt":"2025-06-18T13:38:58","guid":{"rendered":"https:\/\/familiasmadridnorte.es\/?page_id=508"},"modified":"2025-11-11T12:18:37","modified_gmt":"2025-11-11T12:18:37","slug":"politica-de-privacidad","status":"publish","type":"page","link":"https:\/\/familiasmadridnorte.es\/en\/politica-de-privacidad\/","title":{"rendered":"Privacy policy"},"content":{"rendered":"<div data-elementor-type=\"wp-page\" data-elementor-id=\"508\" class=\"elementor elementor-508\" data-elementor-post-type=\"page\">\n\t\t\t\t\t\t<section class=\"elementor-section elementor-top-section elementor-element elementor-element-b9f77be elementor-section-height-min-height elementor-section-boxed elementor-section-height-default elementor-section-items-middle\" data-id=\"b9f77be\" data-element_type=\"section\" data-settings=\"{&quot;background_background&quot;:&quot;classic&quot;}\">\n\t\t\t\t\t\t\t<div class=\"elementor-background-overlay\"><\/div>\n\t\t\t\t\t\t\t<div class=\"elementor-container elementor-column-gap-no\">\n\t\t\t\t\t<div class=\"elementor-column elementor-col-100 elementor-top-column elementor-element elementor-element-12f4a8e animated-slow elementor-invisible\" data-id=\"12f4a8e\" data-element_type=\"column\" data-settings=\"{&quot;background_background&quot;:&quot;classic&quot;,&quot;animation&quot;:&quot;fadeInUp&quot;}\">\n\t\t\t<div class=\"elementor-widget-wrap elementor-element-populated\">\n\t\t\t\t\t\t<div class=\"elementor-element elementor-element-91d9f87 elementor-widget elementor-widget-heading\" data-id=\"91d9f87\" data-element_type=\"widget\" data-widget_type=\"heading.default\">\n\t\t\t\t<div class=\"elementor-widget-container\">\n\t\t\t\t\t<h1 class=\"elementor-heading-title elementor-size-default\">Privacy policy<\/h1>\t\t\t\t<\/div>\n\t\t\t\t<\/div>\n\t\t\t\t\t<\/div>\n\t\t<\/div>\n\t\t\t\t\t<\/div>\n\t\t<\/section>\n\t\t<div class=\"elementor-element elementor-element-af9a47f e-flex e-con-boxed e-con e-parent\" data-id=\"af9a47f\" data-element_type=\"container\">\n\t\t\t\t\t<div class=\"e-con-inner\">\n\t\t\t\t<div class=\"elementor-element elementor-element-cb3ed10 elementor-widget elementor-widget-text-editor\" data-id=\"cb3ed10\" data-element_type=\"widget\" data-widget_type=\"text-editor.default\">\n\t\t\t\t<div class=\"elementor-widget-container\">\n\t\t\t\t\t\t\t\t\t<p>De conformidad con lo establecido en la legislaci\u00f3n vigente sobre protecci\u00f3n de datos, el\u00a0<u>Reglamento (UE) 2016\/679, del Parlamento Europeo y del Consejo, de 27 de abril de 2016, relativo a la protecci\u00f3n de las personas f\u00edsicas en lo que respecto al tratamiento de datos personales y a la libre circulaci\u00f3n de estos datos<\/u>\u00a0(en adelante, RGPD), as\u00ed como en la\u00a0<u>Ley Org\u00e1nica 3\/2018, de 5 de diciembre, de Protecci\u00f3n de Datos y garant\u00eda de los derechos digitales<\/u>\u00a0(en adelante, LOPD-GDD), se informa al usuario de conformidad con lo establecido en los art\u00edculos 13 del RGPD y 11 de la LOPD-GDD:<\/p><ol><li><strong><u>RESPONSABLE<\/u><\/strong><\/li><\/ol><p><strong>\u00bfQui\u00e9n es el responsable de tratamiento de sus datos?<\/strong><\/p><ul><li>Raz\u00f3n social:\u00a0<strong>ASOCIACION DE FAMILIAS NUMEROSAS ZONA NORTE DE MADRID<\/strong><\/li><li>CIF:\u00a0<strong>G83779702<\/strong><\/li><li>Domicilio: \u00a0\u00a0<strong>\u00a0\u00a0PASEO GUADALAJARA 5, DESPACHO 1 28702 SAN SEBASTIAN DE LOS REYES MADRID<\/strong>\u00a0\u00a0<strong>\u00a0\u00a0\u00a0\u00a0<\/strong>\u00a0\u00a0<\/li><li>Correo electr\u00f3nico:\u00a0<strong>INFO@FAMILIASMADRIDNORTE.ES<\/strong><\/li><li>Datos de inscripci\u00f3n en el Registro Mercantil:<\/li><\/ul><ol><li><strong><u>FINALIDAD<\/u><\/strong><\/li><\/ol><p><strong>\u00bfCon que finalidad trataremos sus datos personales?<\/strong><\/p><p><strong>ASOCIACION DE FAMILIAS NUMEROSAS ZONA NORTE DE MADRID<\/strong>\u00a0\u00a0\u00a0\u00a0trata su informaci\u00f3n para:<\/p><ol><li>Mantenimiento de la relaci\u00f3n mercantil y prestaci\u00f3n del servicio contratado.<\/li><li>Realizaci\u00f3n de un presupuesto ajustado a sus necesidades.<\/li><li>Gestionar comunicaciones por correo electr\u00f3nico con interesados.<\/li><li>Llevar a cabo los procesos de selecci\u00f3n de la sociedad.<\/li><li>Gesti\u00f3n de los empleados y recursos humanos de la sociedad.<\/li><li>Env\u00edo de informaci\u00f3n comercial vinculadas con nuestro sector:\u00a0<strong>\u00a0<\/strong><strong>\u00a0<\/strong><strong>\u00a0\u00a0<\/strong><\/li><li>Gestionar las actividades formativas<strong>\u00a0<\/strong><\/li><\/ol><p><strong>\u00bfDurante cu\u00e1nto tiempo tendremos sus datos?<\/strong><\/p><p>Los datos personales que nos proporciones ser\u00e1n conservados mientras se mantenga la relaci\u00f3n mercantil vigente. No obstante para tener la m\u00e1xima transparencia con usted le indicamos que los c\u00f3mputos generales con los que trabajamos son:<\/p><ul><li>Datos gen\u00e9ricos de identificaci\u00f3n (correo electr\u00f3nico, nombre, apellidos, tel\u00e9fono, etc.): mientras dure la relaci\u00f3n mercantil o hasta que se revoque el consentimiento. En cualquier caso, se eliminar\u00e1n cuando no vayan a utilizarse para el fin con el que fueron recabados.<\/li><li>Contable, fiscal y laboral: seis (6) a\u00f1os.<\/li><li>Laboral: diez (10) a\u00f1os.<\/li><li>Procesos de selecci\u00f3n: dos (2) a\u00f1os desde la entrega del\u00a0<em>curriculum<\/em><\/li><li>Sanitaria: cinco (5) a\u00f1os desde que se produzca el alta de cada proceso asistencial.<\/li><li>Asimismo, dado el env\u00edo de informaci\u00f3n comercial, aunque se ponga fin a la relaci\u00f3n entre las partes,\u00a0<strong>ASOCIACION DE FAMILIAS NUMEROSAS ZONA NORTE DE MADRID\u00a0<\/strong>\u00a0\u00a0\u00a0seguir\u00e1 conservando su informaci\u00f3n para el env\u00edo de\u00a0<em>newsletters<\/em>\u00a0vinculadas con nuestros productos y servicios<a href=\"https:\/\/familiasmadridnorte.es\/en\/politica-de-privacidad\/#_ftn1\" name=\"_ftnref1\"><sup>[1]<\/sup><\/a>. Siempre podr\u00e1 ejercitar los derechos que le reconoce la normativa vigente poni\u00e9ndose en contacto a trav\u00e9s de la v\u00eda que le sea m\u00e1s c\u00f3moda.<\/li><\/ul><p>Pese a la existencia de estos plazos generales, le informamos que de forma peri\u00f3dica revisaremos nuestros sistemas para proceder a eliminar aquellos datos que no sean legalmente necesarios.\u00a0<\/p><ul><li><strong><u>LEGITIMACI\u00d3N<\/u><\/strong><\/li><\/ul><p><strong>\u00bfCu\u00e1l es la legitimaci\u00f3n para el tratamiento de sus datos?<\/strong><\/p><p>Seg\u00fan las finalidades de la recogida de nuestros datos, el tratamiento de sus datos es necesario:<\/p><ol><li><u>Gestionar la relaci\u00f3n mercantil que ha suscrito y contratado con nosotros.<\/u><ol><li>Ejecuci\u00f3n de un contrato (habilitado por el art\u00edculo 6.1.b RGPD)<\/li><li>Consentimiento del interesado (habitado por el art\u00edculo 6.1.a RGPD)<\/li><\/ol><\/li><li><u>Realizaci\u00f3n de un presupuesto ajustado a sus necesidades.<\/u><ol><li>Ejecuci\u00f3n de un contrato y\/o relaci\u00f3n precontractual (habilitado por el art\u00edculo 6.1.b RGPD)<\/li><\/ol><\/li><li><u>Gestionar comunicaciones por correo electr\u00f3nico con interesados.<\/u><ol><li>Consentimiento del interesado (habitado por el art\u00edculo 6.1.a RGPD)<\/li><li>Inter\u00e9s leg\u00edtimo (habilitado por el art\u00edculo 6.1.f RGPD)<\/li><\/ol><\/li><li><u>Llevar a cabo los procesos de selecci\u00f3n de la sociedad.<\/u><ol><li>Consentimiento del interesado (habitado por el art\u00edculo 6.1.a RGPD)<\/li><\/ol><\/li><li><u>Gesti\u00f3n de los empleados y recursos humanos internos de la sociedad<\/u><ol><li>Ejecuci\u00f3n contractual (habilitado por el art\u00edculo 6.1.b RGPD)<\/li><\/ol><\/li><li><u>Env\u00edo de comunicaciones comerciales<\/u><ol><li>Consentimiento del interesado (habilitado por el art\u00edculo 6.1. RGPD)<\/li><li>Consentimiento del interesado (habilitado por el art\u00edculo 20 LSSICE)<\/li><li>Inter\u00e9s leg\u00edtimo (habilitado por el art\u00edculo 6.1.f RGPD)<\/li><\/ol><\/li><li><u>Gestionar las actividades formativas<\/u><\/li><li><ol><li>Ejecuci\u00f3n de un contrato (habilitado por el art\u00edculo 6.1.b RGPD)<\/li><li>Consentimiento del interesado (habitado por el art\u00edculo 6.1.a RGPD)<\/li><\/ol><\/li><\/ol><p>Asimismo, todos los datos recogidos son necesarios para la prestaci\u00f3n del servicio. No obstante, aquellos datos que est\u00e9n marcados con un asterisco (*) ser\u00e1n obligatorios. En el caso de que los datos obligatorios no fueran facilitados\u00a0<strong>ASOCIACION DE FAMILIAS NUMEROSAS ZONA NORTE DE MADRID<\/strong>\u00a0\u00a0<strong>\u00a0<\/strong>no podr\u00e1 prestarle el servicio contratado.<\/p><ol><li><strong><u>DERECHOS QUE LE ASISTEN A LAS PERSONAS INTERESADAS<\/u><\/strong><\/li><\/ol><p><strong>\u00bfQu\u00e9 derechos tengo en materia de protecci\u00f3n de datos?<\/strong><\/p><p>Conforme a lo establecido en los art\u00edculos 13 RGPD y 11.2.c) LOPDGDD, puede ejercitar cualquiera de los siguientes derechos comunic\u00e1ndonoslo a la direcci\u00f3n postal \u00a0\u00a0\u00a0\u00a0PASEO GUADALAJARA 5, DESPACHO 1 28702 SAN SEBASTIAN DE LOS REYES MADRID \u00a0\u00a0\u00a0\u00a0\u00a0\u00a0\u00a0\u00a0\u00a0\u00a0\u00a0o a la direcci\u00f3n electr\u00f3nica INFO@FAMILIASMADRIDNORTE.ES \u00a0\u00a0\u00a0\u00a0En todo caso, seg\u00fan la normativa vigente tiene reconocidos los siguientes derechos de acuerdo a lo contenido en los art\u00edculo 15 a 22 RGPD y 12 a 18 LOPDGDD:\u00a0<\/p><ul><li>Derecho a solicitar el acceso a los datos personales relativos al interesado.<\/li><li>Derecho a solicitar su rectificaci\u00f3n o supresi\u00f3n.<\/li><li>Derecho a solicitar la limitaci\u00f3n del tratamiento.<\/li><li>Derecho a oponerse al tratamiento.<\/li><li>Derecho a la portabilidad.<\/li><\/ul><p>Puede solicitar al Responsable los formularios para ejercer sus derechos, a trav\u00e9s de la direcci\u00f3n de correo electr\u00f3nico indicado en los datos del responsable. Adicionalmente, puede presentar una reclamaci\u00f3n ante la Agencia Espa\u00f1ola de Protecci\u00f3n de Datos (AEPD). M\u00e1s informaci\u00f3n en el Apartado VII del presente documento.<\/p><ol><li><strong><u>DESTINATARIOS<\/u><\/strong><\/li><\/ol><p><strong>\u00bfA qu\u00e9 destinatarios se comunicar\u00e1n sus datos?<\/strong><\/p><p>Siempre se informar\u00e1 y, cuando proceda, se solicitar\u00e1 su consentimiento expreso para ceder sus datos personales o realizar transferencias internacionales de acuerdo a la normativa vigente (arts. 13.1.e) y 44 RGPD, as\u00ed como el art. 11.1 y 40 LOPDGDD 3\/2018).<\/p><ol><li><strong><u>PROCEDENCIA DE SUS DATOS<\/u><\/strong><\/li><\/ol><p><strong>\u00bfC\u00f3mo hemos obtenido sus datos?<\/strong><\/p><p>Los datos de car\u00e1cter personal que utiliza\u00a0<strong>ASOCIACION DE FAMILIAS NUMEROSAS ZONA NORTE DE MADRID\u00a0<\/strong>\u00a0\u00a0\u00a0proceden del propio interesado, dando as\u00ed cumplimiento a lo establecido en los art\u00edculos 13 RGPD y 11 LOPDGDD ya mencionados, o de empresas del grupo o colaboradoras, sobre las que puede obtener m\u00e1s informaci\u00f3n escribiendo a la direcci\u00f3n de correo electr\u00f3nico\u00a0<strong>INFO@FAMILIASMADRIDNORTE.ES\u00a0<\/strong>\u00a0\u00a0\u00a0\u00a0o en la oficina del Responsable en la direcci\u00f3n postal indicada en este documento.<\/p><p><strong>\u00bfQu\u00e9 categor\u00edas de datos manejamos?<\/strong><\/p><p>Las categor\u00edas de datos de car\u00e1cter personal que se tratan:<\/p><p>Datos de identificaci\u00f3n<\/p><p>Name<\/p><p>Apellidos<\/p><p>DNI \/ NIE \/ Pasaporte o documento equivalente<\/p><p>Direcciones postales<\/p><p>Direcciones electr\u00f3nicas<\/p><p>Sexo<\/p><p>Fecha de nacimiento<\/p><p>Lugar de nacimiento<\/p><p>Tel\u00e9fono de contacto (m\u00f3vil \/ fijo)<\/p><p>Informaci\u00f3n comercial<\/p><p>Datos econ\u00f3micos<\/p><p>N\u00famero de cuenta bancaria<\/p><p>N\u00famero de tarjeta de cr\u00e9dito<\/p><p>Curriculum vitae<\/p><p>Datos acad\u00e9micos<\/p><p>Titulaciones<\/p><p>Aficiones<\/p><p>Pertenencia a asociaciones o clubes<\/p><p>Videovigilancia<\/p><p>Imagen<\/p><p>El tratamiento de datos sensibles se har\u00e1 conforme a lo establecido en los art\u00edculos 9 RGPD y 9 LOPDGDD, informando en todo caso al interesado sobre qu\u00e9 datos se utilizar\u00e1n por el responsable.<\/p><ul><li><strong><u>AUTORIDAD DE CONTROL<\/u><\/strong><\/li><\/ul><p class=\"thin-font\">ASOCIACION DE FAMILIAS NUMEROSAS ZONA NORTE DE MADRID\u00a0\u00a0\u00a0\u00a0ponemos el m\u00e1ximo empe\u00f1o para cumplir con la normativa de protecci\u00f3n de datos dado que es el activo m\u00e1s valioso para nosotros. No obstante, le informamos que en caso de que usted entienda que sus derechos se han visto menoscabados, puede presentar una reclamaci\u00f3n ante la Agencia Espa\u00f1ola de Protecci\u00f3n de Datos (AEPD), sita en C\/ Jorge Juan, 6. 28001 \u2013 Madrid. M\u00e1s informaci\u00f3n sobre la AEPD.\u00a0<a href=\"http:\/\/www.agpd.es\/\">http:\/\/www.agpd.es\/<\/a>\u00a0. Documentaci\u00f3n realizada por LegalDPO.\u00a0<a href=\"https:\/\/legaldpo.es\/\">https:\/\/legaldpo.es\/<\/a><\/p><p>\u00a0<\/p>\t\t\t\t\t\t\t\t<\/div>\n\t\t\t\t<\/div>\n\t\t\t\t\t<\/div>\n\t\t\t\t<\/div>\n\t\t\t\t<\/div>","protected":false},"excerpt":{"rendered":"<p>Pol\u00edtica de Privacidad De conformidad con lo establecido en la legislaci\u00f3n vigente sobre protecci\u00f3n de datos, el\u00a0Reglamento (UE) 2016\/679, del Parlamento Europeo y del Consejo, de 27 de abril de 2016, relativo a la protecci\u00f3n de las personas f\u00edsicas en lo que respecto al tratamiento de datos personales y a la libre circulaci\u00f3n de estos [&hellip;]<\/p>","protected":false},"author":1,"featured_media":0,"parent":0,"menu_order":0,"comment_status":"closed","ping_status":"closed","template":"elementor_header_footer","meta":{"footnotes":""},"class_list":["post-508","page","type-page","status-publish","hentry"],"yoast_head":"<!-- This site is optimized with the Yoast SEO plugin v26.7 - https:\/\/yoast.com\/wordpress\/plugins\/seo\/ -->\n<title>Pol\u00edtica de Privacidad - Familias Numerosas<\/title>\n<meta name=\"robots\" content=\"index, follow, max-snippet:-1, max-image-preview:large, max-video-preview:-1\" \/>\n<link rel=\"canonical\" href=\"https:\/\/familiasmadridnorte.es\/en\/politica-de-privacidad\/\" \/>\n<meta property=\"og:locale\" content=\"en_GB\" \/>\n<meta property=\"og:type\" content=\"article\" \/>\n<meta property=\"og:title\" content=\"Pol\u00edtica de Privacidad - Familias Numerosas\" \/>\n<meta property=\"og:description\" content=\"Pol\u00edtica de Privacidad De conformidad con lo establecido en la legislaci\u00f3n vigente sobre protecci\u00f3n de datos, el\u00a0Reglamento (UE) 2016\/679, del Parlamento Europeo y del Consejo, de 27 de abril de 2016, relativo a la protecci\u00f3n de las personas f\u00edsicas en lo que respecto al tratamiento de datos personales y a la libre circulaci\u00f3n de estos [&hellip;]\" \/>\n<meta property=\"og:url\" content=\"https:\/\/familiasmadridnorte.es\/en\/politica-de-privacidad\/\" \/>\n<meta property=\"og:site_name\" content=\"Familias Numerosas\" \/>\n<meta property=\"article:modified_time\" content=\"2025-11-11T12:18:37+00:00\" \/>\n<meta property=\"og:image\" content=\"https:\/\/familiasmadridnorte.es\/wp-content\/uploads\/2025\/11\/Logo_AFAN-enlace.jpg\" \/>\n\t<meta property=\"og:image:width\" content=\"1200\" \/>\n\t<meta property=\"og:image:height\" content=\"675\" \/>\n\t<meta property=\"og:image:type\" content=\"image\/jpeg\" \/>\n<meta name=\"twitter:card\" content=\"summary_large_image\" \/>\n<meta name=\"twitter:label1\" content=\"Estimated reading time\" \/>\n\t<meta name=\"twitter:data1\" content=\"6 minutes\" \/>\n<script type=\"application\/ld+json\" class=\"yoast-schema-graph\">{\"@context\":\"https:\/\/schema.org\",\"@graph\":[{\"@type\":\"WebPage\",\"@id\":\"https:\/\/familiasmadridnorte.es\/politica-de-privacidad\/\",\"url\":\"https:\/\/familiasmadridnorte.es\/politica-de-privacidad\/\",\"name\":\"Pol\u00edtica de Privacidad - Familias Numerosas\",\"isPartOf\":{\"@id\":\"https:\/\/familiasmadridnorte.es\/#website\"},\"datePublished\":\"2025-06-18T13:38:58+00:00\",\"dateModified\":\"2025-11-11T12:18:37+00:00\",\"breadcrumb\":{\"@id\":\"https:\/\/familiasmadridnorte.es\/politica-de-privacidad\/#breadcrumb\"},\"inLanguage\":\"en-GB\",\"potentialAction\":[{\"@type\":\"ReadAction\",\"target\":[\"https:\/\/familiasmadridnorte.es\/politica-de-privacidad\/\"]}]},{\"@type\":\"BreadcrumbList\",\"@id\":\"https:\/\/familiasmadridnorte.es\/politica-de-privacidad\/#breadcrumb\",\"itemListElement\":[{\"@type\":\"ListItem\",\"position\":1,\"name\":\"Portada\",\"item\":\"https:\/\/familiasmadridnorte.es\/\"},{\"@type\":\"ListItem\",\"position\":2,\"name\":\"Pol\u00edtica de Privacidad\"}]},{\"@type\":\"WebSite\",\"@id\":\"https:\/\/familiasmadridnorte.es\/#website\",\"url\":\"https:\/\/familiasmadridnorte.es\/\",\"name\":\"Familias Numerosas\",\"description\":\"La Asociaci\u00f3n de Familias Numerosas Zona Norte de Madrid (AFAN Zona Norte Madrid) lleva 20 a\u00f1os apoyando y representando a las familias numerosas, defendiendo sus derechos y destacando su valiosa aportaci\u00f3n a la sociedad.\",\"publisher\":{\"@id\":\"https:\/\/familiasmadridnorte.es\/#organization\"},\"potentialAction\":[{\"@type\":\"SearchAction\",\"target\":{\"@type\":\"EntryPoint\",\"urlTemplate\":\"https:\/\/familiasmadridnorte.es\/?s={search_term_string}\"},\"query-input\":{\"@type\":\"PropertyValueSpecification\",\"valueRequired\":true,\"valueName\":\"search_term_string\"}}],\"inLanguage\":\"en-GB\"},{\"@type\":\"Organization\",\"@id\":\"https:\/\/familiasmadridnorte.es\/#organization\",\"name\":\"Familias Numerosas\",\"url\":\"https:\/\/familiasmadridnorte.es\/\",\"logo\":{\"@type\":\"ImageObject\",\"inLanguage\":\"en-GB\",\"@id\":\"https:\/\/familiasmadridnorte.es\/#\/schema\/logo\/image\/\",\"url\":\"https:\/\/familiasmadridnorte.es\/wp-content\/uploads\/2025\/06\/Logo_AFAN-1024x724-1.png\",\"contentUrl\":\"https:\/\/familiasmadridnorte.es\/wp-content\/uploads\/2025\/06\/Logo_AFAN-1024x724-1.png\",\"width\":1024,\"height\":724,\"caption\":\"Familias Numerosas\"},\"image\":{\"@id\":\"https:\/\/familiasmadridnorte.es\/#\/schema\/logo\/image\/\"}}]}<\/script>\n<!-- \/ Yoast SEO plugin. -->","yoast_head_json":{"title":"Pol\u00edtica de Privacidad - Familias Numerosas","robots":{"index":"index","follow":"follow","max-snippet":"max-snippet:-1","max-image-preview":"max-image-preview:large","max-video-preview":"max-video-preview:-1"},"canonical":"https:\/\/familiasmadridnorte.es\/en\/politica-de-privacidad\/","og_locale":"en_GB","og_type":"article","og_title":"Pol\u00edtica de Privacidad - Familias Numerosas","og_description":"Pol\u00edtica de Privacidad De conformidad con lo establecido en la legislaci\u00f3n vigente sobre protecci\u00f3n de datos, el\u00a0Reglamento (UE) 2016\/679, del Parlamento Europeo y del Consejo, de 27 de abril de 2016, relativo a la protecci\u00f3n de las personas f\u00edsicas en lo que respecto al tratamiento de datos personales y a la libre circulaci\u00f3n de estos [&hellip;]","og_url":"https:\/\/familiasmadridnorte.es\/en\/politica-de-privacidad\/","og_site_name":"Familias Numerosas","article_modified_time":"2025-11-11T12:18:37+00:00","og_image":[{"width":1200,"height":675,"url":"https:\/\/familiasmadridnorte.es\/wp-content\/uploads\/2025\/11\/Logo_AFAN-enlace.jpg","type":"image\/jpeg"}],"twitter_card":"summary_large_image","twitter_misc":{"Estimated reading time":"6 minutes"},"schema":{"@context":"https:\/\/schema.org","@graph":[{"@type":"WebPage","@id":"https:\/\/familiasmadridnorte.es\/politica-de-privacidad\/","url":"https:\/\/familiasmadridnorte.es\/politica-de-privacidad\/","name":"Pol\u00edtica de Privacidad - Familias Numerosas","isPartOf":{"@id":"https:\/\/familiasmadridnorte.es\/#website"},"datePublished":"2025-06-18T13:38:58+00:00","dateModified":"2025-11-11T12:18:37+00:00","breadcrumb":{"@id":"https:\/\/familiasmadridnorte.es\/politica-de-privacidad\/#breadcrumb"},"inLanguage":"en-GB","potentialAction":[{"@type":"ReadAction","target":["https:\/\/familiasmadridnorte.es\/politica-de-privacidad\/"]}]},{"@type":"BreadcrumbList","@id":"https:\/\/familiasmadridnorte.es\/politica-de-privacidad\/#breadcrumb","itemListElement":[{"@type":"ListItem","position":1,"name":"Portada","item":"https:\/\/familiasmadridnorte.es\/"},{"@type":"ListItem","position":2,"name":"Pol\u00edtica de Privacidad"}]},{"@type":"WebSite","@id":"https:\/\/familiasmadridnorte.es\/#website","url":"https:\/\/familiasmadridnorte.es\/","name":"Large Families","description":"La Asociaci\u00f3n de Familias Numerosas Zona Norte de Madrid (AFAN Zona Norte Madrid) lleva 20 a\u00f1os apoyando y representando a las familias numerosas, defendiendo sus derechos y destacando su valiosa aportaci\u00f3n a la sociedad.","publisher":{"@id":"https:\/\/familiasmadridnorte.es\/#organization"},"potentialAction":[{"@type":"SearchAction","target":{"@type":"EntryPoint","urlTemplate":"https:\/\/familiasmadridnorte.es\/?s={search_term_string}"},"query-input":{"@type":"PropertyValueSpecification","valueRequired":true,"valueName":"search_term_string"}}],"inLanguage":"en-GB"},{"@type":"Organization","@id":"https:\/\/familiasmadridnorte.es\/#organization","name":"Large Families","url":"https:\/\/familiasmadridnorte.es\/","logo":{"@type":"ImageObject","inLanguage":"en-GB","@id":"https:\/\/familiasmadridnorte.es\/#\/schema\/logo\/image\/","url":"https:\/\/familiasmadridnorte.es\/wp-content\/uploads\/2025\/06\/Logo_AFAN-1024x724-1.png","contentUrl":"https:\/\/familiasmadridnorte.es\/wp-content\/uploads\/2025\/06\/Logo_AFAN-1024x724-1.png","width":1024,"height":724,"caption":"Familias Numerosas"},"image":{"@id":"https:\/\/familiasmadridnorte.es\/#\/schema\/logo\/image\/"}}]}},"_links":{"self":[{"href":"https:\/\/familiasmadridnorte.es\/en\/wp-json\/wp\/v2\/pages\/508","targetHints":{"allow":["GET"]}}],"collection":[{"href":"https:\/\/familiasmadridnorte.es\/en\/wp-json\/wp\/v2\/pages"}],"about":[{"href":"https:\/\/familiasmadridnorte.es\/en\/wp-json\/wp\/v2\/types\/page"}],"author":[{"embeddable":true,"href":"https:\/\/familiasmadridnorte.es\/en\/wp-json\/wp\/v2\/users\/1"}],"replies":[{"embeddable":true,"href":"https:\/\/familiasmadridnorte.es\/en\/wp-json\/wp\/v2\/comments?post=508"}],"version-history":[{"count":7,"href":"https:\/\/familiasmadridnorte.es\/en\/wp-json\/wp\/v2\/pages\/508\/revisions"}],"predecessor-version":[{"id":3249,"href":"https:\/\/familiasmadridnorte.es\/en\/wp-json\/wp\/v2\/pages\/508\/revisions\/3249"}],"wp:attachment":[{"href":"https:\/\/familiasmadridnorte.es\/en\/wp-json\/wp\/v2\/media?parent=508"}],"curies":[{"name":"wp","href":"https:\/\/api.w.org\/{rel}","templated":true}]}}