{"id":2481,"date":"2025-07-23T11:40:49","date_gmt":"2025-07-23T11:40:49","guid":{"rendered":"https:\/\/familiasmadridnorte.es\/?page_id=2481"},"modified":"2025-09-27T03:22:40","modified_gmt":"2025-09-27T03:22:40","slug":"canal-etico-de-la-fefn","status":"publish","type":"page","link":"https:\/\/familiasmadridnorte.es\/en\/canal-etico-de-la-fefn\/","title":{"rendered":"Canal \u00e9tico de la FEFN"},"content":{"rendered":"<div data-elementor-type=\"wp-page\" data-elementor-id=\"2481\" class=\"elementor elementor-2481\" data-elementor-post-type=\"page\">\n\t\t\t\t\t\t<section class=\"elementor-section elementor-top-section elementor-element elementor-element-629d0b7 elementor-section-height-min-height elementor-section-boxed elementor-section-height-default elementor-section-items-middle\" data-id=\"629d0b7\" data-element_type=\"section\" id=\"content\" data-settings=\"{&quot;background_background&quot;:&quot;classic&quot;}\">\n\t\t\t\t\t\t\t<div class=\"elementor-background-overlay\"><\/div>\n\t\t\t\t\t\t\t<div class=\"elementor-container elementor-column-gap-no\">\n\t\t\t\t\t<div class=\"elementor-column elementor-col-100 elementor-top-column elementor-element elementor-element-3571e4f animated-slow elementor-invisible\" data-id=\"3571e4f\" data-element_type=\"column\" data-settings=\"{&quot;background_background&quot;:&quot;classic&quot;,&quot;animation&quot;:&quot;fadeInUp&quot;}\">\n\t\t\t<div class=\"elementor-widget-wrap elementor-element-populated\">\n\t\t\t\t\t\t<div class=\"elementor-element elementor-element-5e63fe1 elementor-widget elementor-widget-heading\" data-id=\"5e63fe1\" data-element_type=\"widget\" data-widget_type=\"heading.default\">\n\t\t\t\t<div class=\"elementor-widget-container\">\n\t\t\t\t\t<h1 class=\"elementor-heading-title elementor-size-default\">Canal \u00c9tico de la FEFN<\/h1>\t\t\t\t<\/div>\n\t\t\t\t<\/div>\n\t\t\t\t\t<\/div>\n\t\t<\/div>\n\t\t\t\t\t<\/div>\n\t\t<\/section>\n\t\t<div class=\"elementor-element elementor-element-796ff81 e-flex e-con-boxed e-con e-parent\" data-id=\"796ff81\" data-element_type=\"container\">\n\t\t\t\t\t<div class=\"e-con-inner\">\n\t\t\t\t<div class=\"elementor-element elementor-element-7584a4d elementor-widget elementor-widget-heading\" data-id=\"7584a4d\" data-element_type=\"widget\" data-widget_type=\"heading.default\">\n\t\t\t\t<div class=\"elementor-widget-container\">\n\t\t\t\t\t<span class=\"elementor-heading-title elementor-size-default\">Spanish federation of large Families<\/span>\t\t\t\t<\/div>\n\t\t\t\t<\/div>\n\t\t\t\t<div class=\"elementor-element elementor-element-e51bd04 elementor-widget elementor-widget-heading\" data-id=\"e51bd04\" data-element_type=\"widget\" data-widget_type=\"heading.default\">\n\t\t\t\t<div class=\"elementor-widget-container\">\n\t\t\t\t\t<h2 class=\"elementor-heading-title elementor-size-default\">Committed to ethics and transparency<\/h2>\t\t\t\t<\/div>\n\t\t\t\t<\/div>\n\t\t\t\t<div class=\"elementor-element elementor-element-10f19a4 elementor-widget elementor-widget-text-editor\" data-id=\"10f19a4\" data-element_type=\"widget\" data-widget_type=\"text-editor.default\">\n\t\t\t\t<div class=\"elementor-widget-container\">\n\t\t\t\t\t\t\t\t\t<p>The Spanish Federation of large Families is an entity committed to the ethics and transparency in its management. On the basis of these two fundamental principles, and with the idea of taking one more step in this commitment, has implemented a Management Model of Compliance to ensure the good in their work and take action against possible behaviors irregular.<\/p><p>With the implementation of this model or system of Compliance, the FEFN is committed to contribute actively to the reduction of internal fraud and regulatory compliance, through the information and training to your team on all matters relating to crimes and irregular behaviour, in addition to the creation of a Channel of Ethics as an instrument for the reporting of any situation that is contrary to the ethics that can be detected within the organization.<\/p><p>This Channel of Ethics allows you to communicate in a confidential manner, any activities that may lead to a violation of the Code of Ethics or the commission of a crime, and is open to any member of the organization, from workers to member associations, or persons external to the FEFN that can detect irregular behaviour in the bosom of the entity.<\/p><p>From the Spanish Federation of Families we consider the Channel of Ethics an opportunity for improvement of our organization, as it allows you to detect behaviors that are contrary to our ethical principles and resolve any doubts about situations vague or ambiguous that can damage the good name and reputation of our organization.<\/p>\t\t\t\t\t\t\t\t<\/div>\n\t\t\t\t<\/div>\n\t\t\t\t\t<\/div>\n\t\t\t\t<\/div>\n\t\t\t\t<section class=\"elementor-section elementor-top-section elementor-element elementor-element-5ab806d elementor-section-boxed elementor-section-height-default elementor-section-height-default\" data-id=\"5ab806d\" data-element_type=\"section\" data-settings=\"{&quot;background_background&quot;:&quot;classic&quot;}\">\n\t\t\t\t\t\t<div class=\"elementor-container elementor-column-gap-no\">\n\t\t\t\t\t<div class=\"elementor-column elementor-col-100 elementor-top-column elementor-element elementor-element-2f52e97\" data-id=\"2f52e97\" data-element_type=\"column\">\n\t\t\t<div class=\"elementor-widget-wrap elementor-element-populated\">\n\t\t\t\t\t\t<section class=\"elementor-section elementor-inner-section elementor-element elementor-element-1aba38d elementor-section-boxed elementor-section-height-default elementor-section-height-default\" data-id=\"1aba38d\" data-element_type=\"section\">\n\t\t\t\t\t\t<div class=\"elementor-container elementor-column-gap-no\">\n\t\t\t\t\t<div class=\"elementor-column elementor-col-50 elementor-inner-column elementor-element elementor-element-d1746dc elementor-invisible\" data-id=\"d1746dc\" data-element_type=\"column\" data-settings=\"{&quot;animation&quot;:&quot;fadeInLeft&quot;}\">\n\t\t\t<div class=\"elementor-widget-wrap elementor-element-populated\">\n\t\t\t\t\t\t<div class=\"elementor-element elementor-element-577c74e elementor-widget elementor-widget-heading\" data-id=\"577c74e\" data-element_type=\"widget\" data-widget_type=\"heading.default\">\n\t\t\t\t<div class=\"elementor-widget-container\">\n\t\t\t\t\t<span class=\"elementor-heading-title elementor-size-default\">We work to be more cost less\n\n<\/span>\t\t\t\t<\/div>\n\t\t\t\t<\/div>\n\t\t\t\t<div class=\"elementor-element elementor-element-c3ecc4e elementor-widget elementor-widget-heading\" data-id=\"c3ecc4e\" data-element_type=\"widget\" data-widget_type=\"heading.default\">\n\t\t\t\t<div class=\"elementor-widget-container\">\n\t\t\t\t\t<h2 class=\"elementor-heading-title elementor-size-default\">Code Of Ethics<\/h2>\t\t\t\t<\/div>\n\t\t\t\t<\/div>\n\t\t\t\t\t<\/div>\n\t\t<\/div>\n\t\t\t\t<div class=\"elementor-column elementor-col-50 elementor-inner-column elementor-element elementor-element-cd1386d elementor-invisible\" data-id=\"cd1386d\" data-element_type=\"column\" data-settings=\"{&quot;animation&quot;:&quot;fadeInRight&quot;}\">\n\t\t\t<div class=\"elementor-widget-wrap elementor-element-populated\">\n\t\t\t\t\t\t<div class=\"elementor-element elementor-element-62b24ad elementor-widget elementor-widget-text-editor\" data-id=\"62b24ad\" data-element_type=\"widget\" data-widget_type=\"text-editor.default\">\n\t\t\t\t<div class=\"elementor-widget-container\">\n\t\t\t\t\t\t\t\t\t<p>The Code of Ethics, Code of conduct or Code of practice sets out in a single document the principles, criteria, and rules of conduct which should govern the management and employees of the SPANISH FEDERATION OF large FAMILIES in the development of their professional activities, constituting, therefore, a basic pillar of the compliance program of the federation that promotes and reflects a corporate culture positive. The purpose of this Code is to set out the principles and values that must preside over the action of the Federation and all of their employees to ensure a professional behavior that is ethical and responsible in the performance of its activity, to the time you pick up the commitment of the Russian federation with the principles of ethics and transparency.<\/p>\t\t\t\t\t\t\t\t<\/div>\n\t\t\t\t<\/div>\n\t\t\t\t\t<\/div>\n\t\t<\/div>\n\t\t\t\t\t<\/div>\n\t\t<\/section>\n\t\t\t\t\t<\/div>\n\t\t<\/div>\n\t\t\t\t\t<\/div>\n\t\t<\/section>\n\t\t\t\t<section class=\"elementor-section elementor-top-section elementor-element elementor-element-f2dfded elementor-reverse-tablet elementor-reverse-mobile elementor-section-boxed elementor-section-height-default elementor-section-height-default\" data-id=\"f2dfded\" data-element_type=\"section\">\n\t\t\t\t\t\t<div class=\"elementor-container elementor-column-gap-no\">\n\t\t\t\t\t<div class=\"elementor-column elementor-col-50 elementor-top-column elementor-element elementor-element-aeaee55 elementor-invisible\" data-id=\"aeaee55\" data-element_type=\"column\" data-settings=\"{&quot;animation&quot;:&quot;fadeInLeft&quot;}\">\n\t\t\t<div class=\"elementor-widget-wrap elementor-element-populated\">\n\t\t\t\t\t\t<div class=\"elementor-element elementor-element-76075a5 elementor-widget elementor-widget-image\" data-id=\"76075a5\" data-element_type=\"widget\" data-widget_type=\"image.default\">\n\t\t\t\t<div class=\"elementor-widget-container\">\n\t\t\t\t\t\t\t\t\t\t\t\t\t\t\t<img fetchpriority=\"high\" decoding=\"async\" width=\"800\" height=\"534\" src=\"https:\/\/familiasmadridnorte.es\/wp-content\/uploads\/2025\/07\/etica-1024x684.jpg\" class=\"attachment-large size-large wp-image-2550\" alt=\"Enlace al canal \u00c9tico de AFAN\" srcset=\"https:\/\/familiasmadridnorte.es\/wp-content\/uploads\/2025\/07\/etica-1024x684.jpg 1024w, https:\/\/familiasmadridnorte.es\/wp-content\/uploads\/2025\/07\/etica-300x200.jpg 300w, https:\/\/familiasmadridnorte.es\/wp-content\/uploads\/2025\/07\/etica-768x513.jpg 768w, https:\/\/familiasmadridnorte.es\/wp-content\/uploads\/2025\/07\/etica-1536x1025.jpg 1536w, https:\/\/familiasmadridnorte.es\/wp-content\/uploads\/2025\/07\/etica-600x401.jpg 600w, https:\/\/familiasmadridnorte.es\/wp-content\/uploads\/2025\/07\/etica.jpg 1600w\" sizes=\"(max-width: 800px) 100vw, 800px\" \/>\t\t\t\t\t\t\t\t\t\t\t\t\t\t\t<\/div>\n\t\t\t\t<\/div>\n\t\t\t\t\t<\/div>\n\t\t<\/div>\n\t\t\t\t<div class=\"elementor-column elementor-col-50 elementor-top-column elementor-element elementor-element-38bdd46 elementor-invisible\" data-id=\"38bdd46\" data-element_type=\"column\" data-settings=\"{&quot;animation&quot;:&quot;fadeInRight&quot;}\">\n\t\t\t<div class=\"elementor-widget-wrap elementor-element-populated\">\n\t\t\t\t\t\t<div class=\"elementor-element elementor-element-1251d40 elementor-widget elementor-widget-heading\" data-id=\"1251d40\" data-element_type=\"widget\" data-widget_type=\"heading.default\">\n\t\t\t\t<div class=\"elementor-widget-container\">\n\t\t\t\t\t<h2 class=\"elementor-heading-title elementor-size-default\">Link to the Channel of Ethics<\/h2>\t\t\t\t<\/div>\n\t\t\t\t<\/div>\n\t\t\t\t<div class=\"elementor-element elementor-element-7781bc9 elementor-widget elementor-widget-text-editor\" data-id=\"7781bc9\" data-element_type=\"widget\" data-widget_type=\"text-editor.default\">\n\t\t\t\t<div class=\"elementor-widget-container\">\n\t\t\t\t\t\t\t\t\t<p>For being a large family, you have a number of <strong>aid and public benefits<\/strong> presents for your family, the Law of large Families, and that gives the central government, regional or municipal.<\/p><p>When you become a partner, you will have access, in addition to a series of benefits and services designed specifically to support and improve the lives of many families. With our <strong>carnet Plan + Family<\/strong>you can access discounts, activities, and benefits that are exclusive to us. \u00a1Discover them!<\/p>\t\t\t\t\t\t\t\t<\/div>\n\t\t\t\t<\/div>\n\t\t\t\t<div class=\"elementor-element elementor-element-3f74999 elementor-icon-list--layout-traditional elementor-list-item-link-full_width elementor-widget elementor-widget-icon-list\" data-id=\"3f74999\" data-element_type=\"widget\" data-widget_type=\"icon-list.default\">\n\t\t\t\t<div class=\"elementor-widget-container\">\n\t\t\t\t\t\t\t<ul class=\"elementor-icon-list-items\">\n\t\t\t\t\t\t\t<li class=\"elementor-icon-list-item\">\n\t\t\t\t\t\t\t\t\t\t\t<span class=\"elementor-icon-list-icon\">\n\t\t\t\t\t\t\t<svg aria-hidden=\"true\" class=\"e-font-icon-svg e-fas-check\" viewbox=\"0 0 512 512\" xmlns=\"http:\/\/www.w3.org\/2000\/svg\"><path d=\"M173.898 439.404l-166.4-166.4c-9.997-9.997-9.997-26.206 0-36.204l36.203-36.204c9.997-9.998 26.207-9.998 36.204 0L192 312.69 432.095 72.596c9.997-9.997 26.207-9.997 36.204 0l36.203 36.204c9.997 9.997 9.997 26.206 0 36.204l-294.4 294.401c-9.998 9.997-26.207 9.997-36.204-.001z\"><\/path><\/svg>\t\t\t\t\t\t<\/span>\n\t\t\t\t\t\t\t\t\t\t<span class=\"elementor-icon-list-text\">Communicate any facts that is allegedly violates the provisions of the Code of Ethics of the entity, the internal regulations governing the same, or the law.<\/span>\n\t\t\t\t\t\t\t\t\t<\/li>\n\t\t\t\t\t\t\t\t<li class=\"elementor-icon-list-item\">\n\t\t\t\t\t\t\t\t\t\t\t<span class=\"elementor-icon-list-icon\">\n\t\t\t\t\t\t\t<svg aria-hidden=\"true\" class=\"e-font-icon-svg e-fas-check\" viewbox=\"0 0 512 512\" xmlns=\"http:\/\/www.w3.org\/2000\/svg\"><path d=\"M173.898 439.404l-166.4-166.4c-9.997-9.997-9.997-26.206 0-36.204l36.203-36.204c9.997-9.998 26.207-9.998 36.204 0L192 312.69 432.095 72.596c9.997-9.997 26.207-9.997 36.204 0l36.203 36.204c9.997 9.997 9.997 26.206 0 36.204l-294.4 294.401c-9.998 9.997-26.207 9.997-36.204-.001z\"><\/path><\/svg>\t\t\t\t\t\t<\/span>\n\t\t\t\t\t\t\t\t\t\t<span class=\"elementor-icon-list-text\">Ask any questions about our Code of Ethics.<\/span>\n\t\t\t\t\t\t\t\t\t<\/li>\n\t\t\t\t\t\t<\/ul>\n\t\t\t\t\t\t<\/div>\n\t\t\t\t<\/div>\n\t\t\t\t<div class=\"elementor-element elementor-element-71f3e1d elementor-widget elementor-widget-text-editor\" data-id=\"71f3e1d\" data-element_type=\"widget\" data-widget_type=\"text-editor.default\">\n\t\t\t\t<div class=\"elementor-widget-container\">\n\t\t\t\t\t\t\t\t\t<p>Access to the communications Channel of Ethics click\u00a0<a href=\"https:\/\/centinela.lefebvre.es\/public\/concept\/2117892?access=juP6K0GJRoJLEI4wwuVW4M7qloe5Bepjmvby7stav9w%3d\" target=\"_blank\" rel=\"noopener\" data-wplink-edit=\"true\">here<\/a><\/p>\t\t\t\t\t\t\t\t<\/div>\n\t\t\t\t<\/div>\n\t\t\t\t<div class=\"elementor-element elementor-element-d31a37a elementor-align-left elementor-tablet-align-center elementor-widget elementor-widget-button\" data-id=\"d31a37a\" data-element_type=\"widget\" data-widget_type=\"button.default\">\n\t\t\t\t<div class=\"elementor-widget-container\">\n\t\t\t\t\t\t\t\t\t<div class=\"elementor-button-wrapper\">\n\t\t\t\t\t<a class=\"elementor-button elementor-button-link elementor-size-sm\" href=\"https:\/\/centinela.lefebvre.es\/public\/concept\/2117892?access=juP6K0GJRoJLEI4wwuVW4M7qloe5Bepjmvby7stav9w%3d\">\n\t\t\t\t\t\t<span class=\"elementor-button-content-wrapper\">\n\t\t\t\t\t\t\t\t\t<span class=\"elementor-button-text\">Channel Ethical<\/span>\n\t\t\t\t\t<\/span>\n\t\t\t\t\t<\/a>\n\t\t\t\t<\/div>\n\t\t\t\t\t\t\t\t<\/div>\n\t\t\t\t<\/div>\n\t\t\t\t\t<\/div>\n\t\t<\/div>\n\t\t\t\t\t<\/div>\n\t\t<\/section>\n\t\t\t\t<\/div>","protected":false},"excerpt":{"rendered":"<p>En el Canal \u00e9tico de la FEFN os explicamos en que consisten nuestras actividades y como toda nuestras actividades siguen un control \u00e9tico.<\/p>","protected":false},"author":1,"featured_media":0,"parent":0,"menu_order":0,"comment_status":"closed","ping_status":"closed","template":"elementor_header_footer","meta":{"footnotes":""},"class_list":["post-2481","page","type-page","status-publish","hentry"],"yoast_head":"<!-- This site is optimized with the Yoast SEO plugin v26.7 - https:\/\/yoast.com\/wordpress\/plugins\/seo\/ -->\n<title>Canal \u00e9tico de la FEFN - Familias Numerosas<\/title>\n<meta name=\"description\" content=\"En el Canal \u00e9tico de la FEFN os explicamos en que consisten nuestras actividades y como toda nuestras actividades siguen un control \u00e9tico.\" \/>\n<meta name=\"robots\" content=\"index, follow, max-snippet:-1, max-image-preview:large, max-video-preview:-1\" \/>\n<link rel=\"canonical\" href=\"https:\/\/familiasmadridnorte.es\/en\/canal-etico-de-la-fefn\/\" \/>\n<meta property=\"og:locale\" content=\"en_GB\" \/>\n<meta property=\"og:type\" content=\"article\" \/>\n<meta property=\"og:title\" content=\"Canal \u00e9tico de la FEFN - Familias Numerosas\" \/>\n<meta property=\"og:description\" content=\"En el Canal \u00e9tico de la FEFN os explicamos en que consisten nuestras actividades y como toda nuestras actividades siguen un control \u00e9tico.\" \/>\n<meta property=\"og:url\" content=\"https:\/\/familiasmadridnorte.es\/en\/canal-etico-de-la-fefn\/\" \/>\n<meta property=\"og:site_name\" content=\"Familias Numerosas\" \/>\n<meta property=\"article:modified_time\" content=\"2025-09-27T03:22:40+00:00\" \/>\n<meta property=\"og:image\" content=\"https:\/\/familiasmadridnorte.es\/wp-content\/uploads\/2025\/07\/etica.jpg\" \/>\n\t<meta property=\"og:image:width\" content=\"1600\" \/>\n\t<meta property=\"og:image:height\" content=\"1068\" \/>\n\t<meta property=\"og:image:type\" content=\"image\/jpeg\" \/>\n<meta name=\"twitter:card\" content=\"summary_large_image\" \/>\n<meta name=\"twitter:label1\" content=\"Estimated reading time\" \/>\n\t<meta name=\"twitter:data1\" content=\"3 minutes\" \/>\n<script type=\"application\/ld+json\" class=\"yoast-schema-graph\">{\"@context\":\"https:\/\/schema.org\",\"@graph\":[{\"@type\":\"WebPage\",\"@id\":\"https:\/\/familiasmadridnorte.es\/canal-etico-de-la-fefn\/\",\"url\":\"https:\/\/familiasmadridnorte.es\/canal-etico-de-la-fefn\/\",\"name\":\"Canal \u00e9tico de la FEFN - Familias Numerosas\",\"isPartOf\":{\"@id\":\"https:\/\/familiasmadridnorte.es\/#website\"},\"primaryImageOfPage\":{\"@id\":\"https:\/\/familiasmadridnorte.es\/canal-etico-de-la-fefn\/#primaryimage\"},\"image\":{\"@id\":\"https:\/\/familiasmadridnorte.es\/canal-etico-de-la-fefn\/#primaryimage\"},\"thumbnailUrl\":\"http:\/\/familiasmadridnorte.es\/wp-content\/uploads\/2025\/07\/etica-1024x684.jpg\",\"datePublished\":\"2025-07-23T11:40:49+00:00\",\"dateModified\":\"2025-09-27T03:22:40+00:00\",\"description\":\"En el Canal \u00e9tico de la FEFN os explicamos en que consisten nuestras actividades y como toda nuestras actividades siguen un control \u00e9tico.\",\"breadcrumb\":{\"@id\":\"https:\/\/familiasmadridnorte.es\/canal-etico-de-la-fefn\/#breadcrumb\"},\"inLanguage\":\"en-GB\",\"potentialAction\":[{\"@type\":\"ReadAction\",\"target\":[\"https:\/\/familiasmadridnorte.es\/canal-etico-de-la-fefn\/\"]}]},{\"@type\":\"ImageObject\",\"inLanguage\":\"en-GB\",\"@id\":\"https:\/\/familiasmadridnorte.es\/canal-etico-de-la-fefn\/#primaryimage\",\"url\":\"http:\/\/familiasmadridnorte.es\/wp-content\/uploads\/2025\/07\/etica-1024x684.jpg\",\"contentUrl\":\"http:\/\/familiasmadridnorte.es\/wp-content\/uploads\/2025\/07\/etica-1024x684.jpg\"},{\"@type\":\"BreadcrumbList\",\"@id\":\"https:\/\/familiasmadridnorte.es\/canal-etico-de-la-fefn\/#breadcrumb\",\"itemListElement\":[{\"@type\":\"ListItem\",\"position\":1,\"name\":\"Portada\",\"item\":\"https:\/\/familiasmadridnorte.es\/\"},{\"@type\":\"ListItem\",\"position\":2,\"name\":\"Canal \u00e9tico de la FEFN\"}]},{\"@type\":\"WebSite\",\"@id\":\"https:\/\/familiasmadridnorte.es\/#website\",\"url\":\"https:\/\/familiasmadridnorte.es\/\",\"name\":\"Familias Numerosas\",\"description\":\"La Asociaci\u00f3n de Familias Numerosas Zona Norte de Madrid (AFAN Zona Norte Madrid) lleva 20 a\u00f1os apoyando y representando a las familias numerosas, defendiendo sus derechos y destacando su valiosa aportaci\u00f3n a la sociedad.\",\"publisher\":{\"@id\":\"https:\/\/familiasmadridnorte.es\/#organization\"},\"potentialAction\":[{\"@type\":\"SearchAction\",\"target\":{\"@type\":\"EntryPoint\",\"urlTemplate\":\"https:\/\/familiasmadridnorte.es\/?s={search_term_string}\"},\"query-input\":{\"@type\":\"PropertyValueSpecification\",\"valueRequired\":true,\"valueName\":\"search_term_string\"}}],\"inLanguage\":\"en-GB\"},{\"@type\":\"Organization\",\"@id\":\"https:\/\/familiasmadridnorte.es\/#organization\",\"name\":\"Familias Numerosas\",\"url\":\"https:\/\/familiasmadridnorte.es\/\",\"logo\":{\"@type\":\"ImageObject\",\"inLanguage\":\"en-GB\",\"@id\":\"https:\/\/familiasmadridnorte.es\/#\/schema\/logo\/image\/\",\"url\":\"https:\/\/familiasmadridnorte.es\/wp-content\/uploads\/2025\/06\/Logo_AFAN-1024x724-1.png\",\"contentUrl\":\"https:\/\/familiasmadridnorte.es\/wp-content\/uploads\/2025\/06\/Logo_AFAN-1024x724-1.png\",\"width\":1024,\"height\":724,\"caption\":\"Familias Numerosas\"},\"image\":{\"@id\":\"https:\/\/familiasmadridnorte.es\/#\/schema\/logo\/image\/\"}}]}<\/script>\n<!-- \/ Yoast SEO plugin. -->","yoast_head_json":{"title":"Canal \u00e9tico de la FEFN - Familias Numerosas","description":"En el Canal \u00e9tico de la FEFN os explicamos en que consisten nuestras actividades y como toda nuestras actividades siguen un control \u00e9tico.","robots":{"index":"index","follow":"follow","max-snippet":"max-snippet:-1","max-image-preview":"max-image-preview:large","max-video-preview":"max-video-preview:-1"},"canonical":"https:\/\/familiasmadridnorte.es\/en\/canal-etico-de-la-fefn\/","og_locale":"en_GB","og_type":"article","og_title":"Canal \u00e9tico de la FEFN - Familias Numerosas","og_description":"En el Canal \u00e9tico de la FEFN os explicamos en que consisten nuestras actividades y como toda nuestras actividades siguen un control \u00e9tico.","og_url":"https:\/\/familiasmadridnorte.es\/en\/canal-etico-de-la-fefn\/","og_site_name":"Familias Numerosas","article_modified_time":"2025-09-27T03:22:40+00:00","og_image":[{"width":1600,"height":1068,"url":"https:\/\/familiasmadridnorte.es\/wp-content\/uploads\/2025\/07\/etica.jpg","type":"image\/jpeg"}],"twitter_card":"summary_large_image","twitter_misc":{"Estimated reading time":"3 minutes"},"schema":{"@context":"https:\/\/schema.org","@graph":[{"@type":"WebPage","@id":"https:\/\/familiasmadridnorte.es\/canal-etico-de-la-fefn\/","url":"https:\/\/familiasmadridnorte.es\/canal-etico-de-la-fefn\/","name":"Canal \u00e9tico de la FEFN - Familias Numerosas","isPartOf":{"@id":"https:\/\/familiasmadridnorte.es\/#website"},"primaryImageOfPage":{"@id":"https:\/\/familiasmadridnorte.es\/canal-etico-de-la-fefn\/#primaryimage"},"image":{"@id":"https:\/\/familiasmadridnorte.es\/canal-etico-de-la-fefn\/#primaryimage"},"thumbnailUrl":"http:\/\/familiasmadridnorte.es\/wp-content\/uploads\/2025\/07\/etica-1024x684.jpg","datePublished":"2025-07-23T11:40:49+00:00","dateModified":"2025-09-27T03:22:40+00:00","description":"En el Canal \u00e9tico de la FEFN os explicamos en que consisten nuestras actividades y como toda nuestras actividades siguen un control \u00e9tico.","breadcrumb":{"@id":"https:\/\/familiasmadridnorte.es\/canal-etico-de-la-fefn\/#breadcrumb"},"inLanguage":"en-GB","potentialAction":[{"@type":"ReadAction","target":["https:\/\/familiasmadridnorte.es\/canal-etico-de-la-fefn\/"]}]},{"@type":"ImageObject","inLanguage":"en-GB","@id":"https:\/\/familiasmadridnorte.es\/canal-etico-de-la-fefn\/#primaryimage","url":"http:\/\/familiasmadridnorte.es\/wp-content\/uploads\/2025\/07\/etica-1024x684.jpg","contentUrl":"http:\/\/familiasmadridnorte.es\/wp-content\/uploads\/2025\/07\/etica-1024x684.jpg"},{"@type":"BreadcrumbList","@id":"https:\/\/familiasmadridnorte.es\/canal-etico-de-la-fefn\/#breadcrumb","itemListElement":[{"@type":"ListItem","position":1,"name":"Portada","item":"https:\/\/familiasmadridnorte.es\/"},{"@type":"ListItem","position":2,"name":"Canal \u00e9tico de la FEFN"}]},{"@type":"WebSite","@id":"https:\/\/familiasmadridnorte.es\/#website","url":"https:\/\/familiasmadridnorte.es\/","name":"Large Families","description":"La Asociaci\u00f3n de Familias Numerosas Zona Norte de Madrid (AFAN Zona Norte Madrid) lleva 20 a\u00f1os apoyando y representando a las familias numerosas, defendiendo sus derechos y destacando su valiosa aportaci\u00f3n a la sociedad.","publisher":{"@id":"https:\/\/familiasmadridnorte.es\/#organization"},"potentialAction":[{"@type":"SearchAction","target":{"@type":"EntryPoint","urlTemplate":"https:\/\/familiasmadridnorte.es\/?s={search_term_string}"},"query-input":{"@type":"PropertyValueSpecification","valueRequired":true,"valueName":"search_term_string"}}],"inLanguage":"en-GB"},{"@type":"Organization","@id":"https:\/\/familiasmadridnorte.es\/#organization","name":"Large Families","url":"https:\/\/familiasmadridnorte.es\/","logo":{"@type":"ImageObject","inLanguage":"en-GB","@id":"https:\/\/familiasmadridnorte.es\/#\/schema\/logo\/image\/","url":"https:\/\/familiasmadridnorte.es\/wp-content\/uploads\/2025\/06\/Logo_AFAN-1024x724-1.png","contentUrl":"https:\/\/familiasmadridnorte.es\/wp-content\/uploads\/2025\/06\/Logo_AFAN-1024x724-1.png","width":1024,"height":724,"caption":"Familias Numerosas"},"image":{"@id":"https:\/\/familiasmadridnorte.es\/#\/schema\/logo\/image\/"}}]}},"_links":{"self":[{"href":"https:\/\/familiasmadridnorte.es\/en\/wp-json\/wp\/v2\/pages\/2481","targetHints":{"allow":["GET"]}}],"collection":[{"href":"https:\/\/familiasmadridnorte.es\/en\/wp-json\/wp\/v2\/pages"}],"about":[{"href":"https:\/\/familiasmadridnorte.es\/en\/wp-json\/wp\/v2\/types\/page"}],"author":[{"embeddable":true,"href":"https:\/\/familiasmadridnorte.es\/en\/wp-json\/wp\/v2\/users\/1"}],"replies":[{"embeddable":true,"href":"https:\/\/familiasmadridnorte.es\/en\/wp-json\/wp\/v2\/comments?post=2481"}],"version-history":[{"count":27,"href":"https:\/\/familiasmadridnorte.es\/en\/wp-json\/wp\/v2\/pages\/2481\/revisions"}],"predecessor-version":[{"id":3050,"href":"https:\/\/familiasmadridnorte.es\/en\/wp-json\/wp\/v2\/pages\/2481\/revisions\/3050"}],"wp:attachment":[{"href":"https:\/\/familiasmadridnorte.es\/en\/wp-json\/wp\/v2\/media?parent=2481"}],"curies":[{"name":"wp","href":"https:\/\/api.w.org\/{rel}","templated":true}]}}