{"id":2479,"date":"2025-07-23T11:39:52","date_gmt":"2025-07-23T11:39:52","guid":{"rendered":"https:\/\/familiasmadridnorte.es\/?page_id=2479"},"modified":"2025-12-27T12:44:24","modified_gmt":"2025-12-27T12:44:24","slug":"documentos-de-interes-titulo-de-familia-numerosa","status":"publish","type":"page","link":"https:\/\/familiasmadridnorte.es\/en\/documentos-de-interes-titulo-de-familia-numerosa\/","title":{"rendered":"Documents of interest."},"content":{"rendered":"<div data-elementor-type=\"wp-page\" data-elementor-id=\"2479\" class=\"elementor elementor-2479\" data-elementor-post-type=\"page\">\n\t\t\t\t\t\t<section class=\"elementor-section elementor-top-section elementor-element elementor-element-3334458 elementor-section-height-min-height elementor-section-boxed elementor-section-height-default elementor-section-items-middle\" data-id=\"3334458\" data-element_type=\"section\" id=\"content\" data-settings=\"{&quot;background_background&quot;:&quot;classic&quot;}\">\n\t\t\t\t\t\t\t<div class=\"elementor-background-overlay\"><\/div>\n\t\t\t\t\t\t\t<div class=\"elementor-container elementor-column-gap-no\">\n\t\t\t\t\t<div class=\"elementor-column elementor-col-100 elementor-top-column elementor-element elementor-element-d3c1cb2 animated-slow elementor-invisible\" data-id=\"d3c1cb2\" data-element_type=\"column\" data-settings=\"{&quot;background_background&quot;:&quot;classic&quot;,&quot;animation&quot;:&quot;fadeInUp&quot;}\">\n\t\t\t<div class=\"elementor-widget-wrap elementor-element-populated\">\n\t\t\t\t\t\t<div class=\"elementor-element elementor-element-84e572c elementor-widget elementor-widget-heading\" data-id=\"84e572c\" data-element_type=\"widget\" data-widget_type=\"heading.default\">\n\t\t\t\t<div class=\"elementor-widget-container\">\n\t\t\t\t\t<h1 class=\"elementor-heading-title elementor-size-default\">Documents of Interest<\/h1>\t\t\t\t<\/div>\n\t\t\t\t<\/div>\n\t\t\t\t\t<\/div>\n\t\t<\/div>\n\t\t\t\t\t<\/div>\n\t\t<\/section>\n\t\t<div class=\"elementor-element elementor-element-9113356 e-flex e-con-boxed e-con e-parent\" data-id=\"9113356\" data-element_type=\"container\">\n\t\t\t\t\t<div class=\"e-con-inner\">\n\t\t\t\t\t<\/div>\n\t\t\t\t<\/div>\n\t\t<div class=\"elementor-element elementor-element-cc3f5f5 e-grid e-con-boxed e-con e-parent\" data-id=\"cc3f5f5\" data-element_type=\"container\">\n\t\t\t\t\t<div class=\"e-con-inner\">\n\t\t\t\t<div class=\"elementor-element elementor-element-69b6980 elementor-widget elementor-widget-image\" data-id=\"69b6980\" data-element_type=\"widget\" data-widget_type=\"image.default\">\n\t\t\t\t<div class=\"elementor-widget-container\">\n\t\t\t\t\t\t\t\t\t\t\t\t\t\t\t\t<a href=\"https:\/\/drive.google.com\/file\/d\/1wUayEI8iqaCYtVUBzkunlEjxiQRBn5tU\/view?usp=sharing\">\n\t\t\t\t\t\t\t<img fetchpriority=\"high\" decoding=\"async\" width=\"576\" height=\"1024\" src=\"https:\/\/familiasmadridnorte.es\/wp-content\/uploads\/2025\/09\/Portada-presentacion-titulo-576x1024.jpg\" class=\"attachment-large size-large wp-image-2835\" alt=\"Documentos descargables de inter\u00e9s para las Familias Numerosas de la zona norte de Madrid\" srcset=\"https:\/\/familiasmadridnorte.es\/wp-content\/uploads\/2025\/09\/Portada-presentacion-titulo-576x1024.jpg 576w, https:\/\/familiasmadridnorte.es\/wp-content\/uploads\/2025\/09\/Portada-presentacion-titulo-169x300.jpg 169w, https:\/\/familiasmadridnorte.es\/wp-content\/uploads\/2025\/09\/Portada-presentacion-titulo-768x1365.jpg 768w, https:\/\/familiasmadridnorte.es\/wp-content\/uploads\/2025\/09\/Portada-presentacion-titulo-864x1536.jpg 864w, https:\/\/familiasmadridnorte.es\/wp-content\/uploads\/2025\/09\/Portada-presentacion-titulo-7x12.jpg 7w, https:\/\/familiasmadridnorte.es\/wp-content\/uploads\/2025\/09\/Portada-presentacion-titulo.jpg 1080w\" sizes=\"(max-width: 576px) 100vw, 576px\" \/>\t\t\t\t\t\t\t\t<\/a>\n\t\t\t\t\t\t\t\t\t\t\t\t\t\t\t<\/div>\n\t\t\t\t<\/div>\n\t\t\t\t\t<\/div>\n\t\t\t\t<\/div>\n\t\t\t\t<\/div>","protected":false},"excerpt":{"rendered":"<p>Conoce todo lo que necesitas saber sobre el t\u00edtulo de Familia Numerosa en la Comunidad de Madrid.<\/p>","protected":false},"author":1,"featured_media":2578,"parent":0,"menu_order":0,"comment_status":"closed","ping_status":"closed","template":"","meta":{"footnotes":""},"class_list":["post-2479","page","type-page","status-publish","has-post-thumbnail","hentry"],"yoast_head":"<!-- This site is optimized with the Yoast SEO plugin v26.7 - https:\/\/yoast.com\/wordpress\/plugins\/seo\/ -->\n<title>Documentos de inter\u00e9s. - Familias Numerosas<\/title>\n<meta name=\"description\" content=\"Conoce todo lo que debes saber sobre el t\u00edtulo de Familia Numerosa en la Comunidad de Madrid. Estamos aqu\u00ed para ayudarte.\" \/>\n<meta name=\"robots\" content=\"index, follow, max-snippet:-1, max-image-preview:large, max-video-preview:-1\" \/>\n<link rel=\"canonical\" href=\"https:\/\/familiasmadridnorte.es\/en\/documentos-de-interes-titulo-de-familia-numerosa\/\" \/>\n<meta property=\"og:locale\" content=\"en_GB\" \/>\n<meta property=\"og:type\" content=\"article\" \/>\n<meta property=\"og:title\" content=\"Documentos de inter\u00e9s. - Familias Numerosas\" \/>\n<meta property=\"og:description\" content=\"Conoce todo lo que debes saber sobre el t\u00edtulo de Familia Numerosa en la Comunidad de Madrid. Estamos aqu\u00ed para ayudarte.\" \/>\n<meta property=\"og:url\" content=\"https:\/\/familiasmadridnorte.es\/en\/documentos-de-interes-titulo-de-familia-numerosa\/\" \/>\n<meta property=\"og:site_name\" content=\"Familias Numerosas\" \/>\n<meta property=\"article:modified_time\" content=\"2025-12-27T12:44:24+00:00\" \/>\n<meta property=\"og:image\" content=\"http:\/\/familiasmadridnorte.es\/wp-content\/uploads\/2025\/07\/vintage-murder-mystery-book-concept-2025-06-02-16-38-49-utc.jpg\" \/>\n\t<meta property=\"og:image:width\" content=\"1920\" \/>\n\t<meta property=\"og:image:height\" content=\"1277\" \/>\n\t<meta property=\"og:image:type\" content=\"image\/jpeg\" \/>\n<meta name=\"twitter:card\" content=\"summary_large_image\" \/>\n<meta name=\"twitter:label1\" content=\"Estimated reading time\" \/>\n\t<meta name=\"twitter:data1\" content=\"1 minute\" \/>\n<script type=\"application\/ld+json\" class=\"yoast-schema-graph\">{\"@context\":\"https:\/\/schema.org\",\"@graph\":[{\"@type\":\"WebPage\",\"@id\":\"https:\/\/familiasmadridnorte.es\/documentos-de-interes-titulo-de-familia-numerosa\/\",\"url\":\"https:\/\/familiasmadridnorte.es\/documentos-de-interes-titulo-de-familia-numerosa\/\",\"name\":\"Documentos de inter\u00e9s. - Familias Numerosas\",\"isPartOf\":{\"@id\":\"https:\/\/familiasmadridnorte.es\/#website\"},\"primaryImageOfPage\":{\"@id\":\"https:\/\/familiasmadridnorte.es\/documentos-de-interes-titulo-de-familia-numerosa\/#primaryimage\"},\"image\":{\"@id\":\"https:\/\/familiasmadridnorte.es\/documentos-de-interes-titulo-de-familia-numerosa\/#primaryimage\"},\"thumbnailUrl\":\"https:\/\/familiasmadridnorte.es\/wp-content\/uploads\/2025\/07\/vintage-murder-mystery-book-concept-2025-06-02-16-38-49-utc.jpg\",\"datePublished\":\"2025-07-23T11:39:52+00:00\",\"dateModified\":\"2025-12-27T12:44:24+00:00\",\"description\":\"Conoce todo lo que debes saber sobre el t\u00edtulo de Familia Numerosa en la Comunidad de Madrid. Estamos aqu\u00ed para ayudarte.\",\"breadcrumb\":{\"@id\":\"https:\/\/familiasmadridnorte.es\/documentos-de-interes-titulo-de-familia-numerosa\/#breadcrumb\"},\"inLanguage\":\"en-GB\",\"potentialAction\":[{\"@type\":\"ReadAction\",\"target\":[\"https:\/\/familiasmadridnorte.es\/documentos-de-interes-titulo-de-familia-numerosa\/\"]}]},{\"@type\":\"ImageObject\",\"inLanguage\":\"en-GB\",\"@id\":\"https:\/\/familiasmadridnorte.es\/documentos-de-interes-titulo-de-familia-numerosa\/#primaryimage\",\"url\":\"https:\/\/familiasmadridnorte.es\/wp-content\/uploads\/2025\/07\/vintage-murder-mystery-book-concept-2025-06-02-16-38-49-utc.jpg\",\"contentUrl\":\"https:\/\/familiasmadridnorte.es\/wp-content\/uploads\/2025\/07\/vintage-murder-mystery-book-concept-2025-06-02-16-38-49-utc.jpg\",\"width\":1920,\"height\":1277,\"caption\":\"Documentos de inter\u00e9s para las Familias Numerosas de la zona norte de Madrid\"},{\"@type\":\"BreadcrumbList\",\"@id\":\"https:\/\/familiasmadridnorte.es\/documentos-de-interes-titulo-de-familia-numerosa\/#breadcrumb\",\"itemListElement\":[{\"@type\":\"ListItem\",\"position\":1,\"name\":\"Portada\",\"item\":\"https:\/\/familiasmadridnorte.es\/\"},{\"@type\":\"ListItem\",\"position\":2,\"name\":\"Documentos de inter\u00e9s.\"}]},{\"@type\":\"WebSite\",\"@id\":\"https:\/\/familiasmadridnorte.es\/#website\",\"url\":\"https:\/\/familiasmadridnorte.es\/\",\"name\":\"Familias Numerosas\",\"description\":\"La Asociaci\u00f3n de Familias Numerosas Zona Norte de Madrid (AFAN Zona Norte Madrid) lleva 20 a\u00f1os apoyando y representando a las familias numerosas, defendiendo sus derechos y destacando su valiosa aportaci\u00f3n a la sociedad.\",\"publisher\":{\"@id\":\"https:\/\/familiasmadridnorte.es\/#organization\"},\"potentialAction\":[{\"@type\":\"SearchAction\",\"target\":{\"@type\":\"EntryPoint\",\"urlTemplate\":\"https:\/\/familiasmadridnorte.es\/?s={search_term_string}\"},\"query-input\":{\"@type\":\"PropertyValueSpecification\",\"valueRequired\":true,\"valueName\":\"search_term_string\"}}],\"inLanguage\":\"en-GB\"},{\"@type\":\"Organization\",\"@id\":\"https:\/\/familiasmadridnorte.es\/#organization\",\"name\":\"Familias Numerosas\",\"url\":\"https:\/\/familiasmadridnorte.es\/\",\"logo\":{\"@type\":\"ImageObject\",\"inLanguage\":\"en-GB\",\"@id\":\"https:\/\/familiasmadridnorte.es\/#\/schema\/logo\/image\/\",\"url\":\"https:\/\/familiasmadridnorte.es\/wp-content\/uploads\/2025\/06\/Logo_AFAN-1024x724-1.png\",\"contentUrl\":\"https:\/\/familiasmadridnorte.es\/wp-content\/uploads\/2025\/06\/Logo_AFAN-1024x724-1.png\",\"width\":1024,\"height\":724,\"caption\":\"Familias Numerosas\"},\"image\":{\"@id\":\"https:\/\/familiasmadridnorte.es\/#\/schema\/logo\/image\/\"}}]}<\/script>\n<!-- \/ Yoast SEO plugin. -->","yoast_head_json":{"title":"Documentos de inter\u00e9s. - Familias Numerosas","description":"Conoce todo lo que debes saber sobre el t\u00edtulo de Familia Numerosa en la Comunidad de Madrid. Estamos aqu\u00ed para ayudarte.","robots":{"index":"index","follow":"follow","max-snippet":"max-snippet:-1","max-image-preview":"max-image-preview:large","max-video-preview":"max-video-preview:-1"},"canonical":"https:\/\/familiasmadridnorte.es\/en\/documentos-de-interes-titulo-de-familia-numerosa\/","og_locale":"en_GB","og_type":"article","og_title":"Documentos de inter\u00e9s. - Familias Numerosas","og_description":"Conoce todo lo que debes saber sobre el t\u00edtulo de Familia Numerosa en la Comunidad de Madrid. Estamos aqu\u00ed para ayudarte.","og_url":"https:\/\/familiasmadridnorte.es\/en\/documentos-de-interes-titulo-de-familia-numerosa\/","og_site_name":"Familias Numerosas","article_modified_time":"2025-12-27T12:44:24+00:00","og_image":[{"width":1920,"height":1277,"url":"http:\/\/familiasmadridnorte.es\/wp-content\/uploads\/2025\/07\/vintage-murder-mystery-book-concept-2025-06-02-16-38-49-utc.jpg","type":"image\/jpeg"}],"twitter_card":"summary_large_image","twitter_misc":{"Estimated reading time":"1 minute"},"schema":{"@context":"https:\/\/schema.org","@graph":[{"@type":"WebPage","@id":"https:\/\/familiasmadridnorte.es\/documentos-de-interes-titulo-de-familia-numerosa\/","url":"https:\/\/familiasmadridnorte.es\/documentos-de-interes-titulo-de-familia-numerosa\/","name":"Documentos de inter\u00e9s. - Familias Numerosas","isPartOf":{"@id":"https:\/\/familiasmadridnorte.es\/#website"},"primaryImageOfPage":{"@id":"https:\/\/familiasmadridnorte.es\/documentos-de-interes-titulo-de-familia-numerosa\/#primaryimage"},"image":{"@id":"https:\/\/familiasmadridnorte.es\/documentos-de-interes-titulo-de-familia-numerosa\/#primaryimage"},"thumbnailUrl":"https:\/\/familiasmadridnorte.es\/wp-content\/uploads\/2025\/07\/vintage-murder-mystery-book-concept-2025-06-02-16-38-49-utc.jpg","datePublished":"2025-07-23T11:39:52+00:00","dateModified":"2025-12-27T12:44:24+00:00","description":"Conoce todo lo que debes saber sobre el t\u00edtulo de Familia Numerosa en la Comunidad de Madrid. Estamos aqu\u00ed para ayudarte.","breadcrumb":{"@id":"https:\/\/familiasmadridnorte.es\/documentos-de-interes-titulo-de-familia-numerosa\/#breadcrumb"},"inLanguage":"en-GB","potentialAction":[{"@type":"ReadAction","target":["https:\/\/familiasmadridnorte.es\/documentos-de-interes-titulo-de-familia-numerosa\/"]}]},{"@type":"ImageObject","inLanguage":"en-GB","@id":"https:\/\/familiasmadridnorte.es\/documentos-de-interes-titulo-de-familia-numerosa\/#primaryimage","url":"https:\/\/familiasmadridnorte.es\/wp-content\/uploads\/2025\/07\/vintage-murder-mystery-book-concept-2025-06-02-16-38-49-utc.jpg","contentUrl":"https:\/\/familiasmadridnorte.es\/wp-content\/uploads\/2025\/07\/vintage-murder-mystery-book-concept-2025-06-02-16-38-49-utc.jpg","width":1920,"height":1277,"caption":"Documentos de inter\u00e9s para las Familias Numerosas de la zona norte de Madrid"},{"@type":"BreadcrumbList","@id":"https:\/\/familiasmadridnorte.es\/documentos-de-interes-titulo-de-familia-numerosa\/#breadcrumb","itemListElement":[{"@type":"ListItem","position":1,"name":"Portada","item":"https:\/\/familiasmadridnorte.es\/"},{"@type":"ListItem","position":2,"name":"Documentos de inter\u00e9s."}]},{"@type":"WebSite","@id":"https:\/\/familiasmadridnorte.es\/#website","url":"https:\/\/familiasmadridnorte.es\/","name":"Large Families","description":"La Asociaci\u00f3n de Familias Numerosas Zona Norte de Madrid (AFAN Zona Norte Madrid) lleva 20 a\u00f1os apoyando y representando a las familias numerosas, defendiendo sus derechos y destacando su valiosa aportaci\u00f3n a la sociedad.","publisher":{"@id":"https:\/\/familiasmadridnorte.es\/#organization"},"potentialAction":[{"@type":"SearchAction","target":{"@type":"EntryPoint","urlTemplate":"https:\/\/familiasmadridnorte.es\/?s={search_term_string}"},"query-input":{"@type":"PropertyValueSpecification","valueRequired":true,"valueName":"search_term_string"}}],"inLanguage":"en-GB"},{"@type":"Organization","@id":"https:\/\/familiasmadridnorte.es\/#organization","name":"Large Families","url":"https:\/\/familiasmadridnorte.es\/","logo":{"@type":"ImageObject","inLanguage":"en-GB","@id":"https:\/\/familiasmadridnorte.es\/#\/schema\/logo\/image\/","url":"https:\/\/familiasmadridnorte.es\/wp-content\/uploads\/2025\/06\/Logo_AFAN-1024x724-1.png","contentUrl":"https:\/\/familiasmadridnorte.es\/wp-content\/uploads\/2025\/06\/Logo_AFAN-1024x724-1.png","width":1024,"height":724,"caption":"Familias Numerosas"},"image":{"@id":"https:\/\/familiasmadridnorte.es\/#\/schema\/logo\/image\/"}}]}},"_links":{"self":[{"href":"https:\/\/familiasmadridnorte.es\/en\/wp-json\/wp\/v2\/pages\/2479","targetHints":{"allow":["GET"]}}],"collection":[{"href":"https:\/\/familiasmadridnorte.es\/en\/wp-json\/wp\/v2\/pages"}],"about":[{"href":"https:\/\/familiasmadridnorte.es\/en\/wp-json\/wp\/v2\/types\/page"}],"author":[{"embeddable":true,"href":"https:\/\/familiasmadridnorte.es\/en\/wp-json\/wp\/v2\/users\/1"}],"replies":[{"embeddable":true,"href":"https:\/\/familiasmadridnorte.es\/en\/wp-json\/wp\/v2\/comments?post=2479"}],"version-history":[{"count":14,"href":"https:\/\/familiasmadridnorte.es\/en\/wp-json\/wp\/v2\/pages\/2479\/revisions"}],"predecessor-version":[{"id":3614,"href":"https:\/\/familiasmadridnorte.es\/en\/wp-json\/wp\/v2\/pages\/2479\/revisions\/3614"}],"wp:featuredmedia":[{"embeddable":true,"href":"https:\/\/familiasmadridnorte.es\/en\/wp-json\/wp\/v2\/media\/2578"}],"wp:attachment":[{"href":"https:\/\/familiasmadridnorte.es\/en\/wp-json\/wp\/v2\/media?parent=2479"}],"curies":[{"name":"wp","href":"https:\/\/api.w.org\/{rel}","templated":true}]}}